{"id":245,"date":"2019-12-08T21:27:47","date_gmt":"2019-12-08T20:27:47","guid":{"rendered":"http:\/\/enselledeniers.bike\/?page_id=245"},"modified":"2021-09-27T15:28:47","modified_gmt":"2021-09-27T13:28:47","slug":"contact","status":"publish","type":"page","link":"https:\/\/enselledeniers.bike\/index.php\/contact\/","title":{"rendered":"contact"},"content":{"rendered":"\t\t<div data-elementor-type=\"wp-page\" data-elementor-id=\"245\" class=\"elementor elementor-245\">\n\t\t\t\t\t\t<section class=\"elementor-section elementor-top-section elementor-element elementor-element-2e2a3e2b elementor-section-boxed elementor-section-height-default elementor-section-height-default\" data-id=\"2e2a3e2b\" data-element_type=\"section\" data-e-type=\"section\">\n\t\t\t\t\t\t<div class=\"elementor-container elementor-column-gap-default\">\n\t\t\t\t\t<div class=\"elementor-column elementor-col-100 elementor-top-column elementor-element elementor-element-61cf2d2\" data-id=\"61cf2d2\" data-element_type=\"column\" data-e-type=\"column\">\n\t\t\t<div class=\"elementor-widget-wrap\">\n\t\t\t\t\t\t\t<\/div>\n\t\t<\/div>\n\t\t\t\t\t<\/div>\n\t\t<\/section>\n\t\t\t\t<section class=\"elementor-section elementor-top-section elementor-element elementor-element-d9f5ec7 elementor-section-boxed elementor-section-height-default elementor-section-height-default\" data-id=\"d9f5ec7\" data-element_type=\"section\" data-e-type=\"section\">\n\t\t\t\t\t\t<div class=\"elementor-container elementor-column-gap-default\">\n\t\t\t\t\t<div class=\"elementor-column elementor-col-50 elementor-top-column elementor-element elementor-element-c10957a\" data-id=\"c10957a\" data-element_type=\"column\" data-e-type=\"column\">\n\t\t\t<div class=\"elementor-widget-wrap elementor-element-populated\">\n\t\t\t\t\t\t<div class=\"elementor-element elementor-element-e363ccf elementor-widget elementor-widget-image\" data-id=\"e363ccf\" data-element_type=\"widget\" data-e-type=\"widget\" data-widget_type=\"image.default\">\n\t\t\t\t<div class=\"elementor-widget-container\">\n\t\t\t\t\t\t\t\t\t\t\t\t\t\t\t<img decoding=\"async\" src=\"https:\/\/enselledeniers.bike\/wp-content\/uploads\/2019\/12\/carte.jpg\" title=\"carte\" alt=\"carte\" loading=\"lazy\" \/>\t\t\t\t\t\t\t\t\t\t\t\t\t\t\t<\/div>\n\t\t\t\t<\/div>\n\t\t\t\t\t<\/div>\n\t\t<\/div>\n\t\t\t\t<div class=\"elementor-column elementor-col-50 elementor-top-column elementor-element elementor-element-925a151\" data-id=\"925a151\" data-element_type=\"column\" data-e-type=\"column\">\n\t\t\t<div class=\"elementor-widget-wrap elementor-element-populated\">\n\t\t\t\t\t\t<div class=\"elementor-element elementor-element-4dd941a elementor-widget elementor-widget-text-editor\" data-id=\"4dd941a\" data-element_type=\"widget\" data-e-type=\"widget\" data-widget_type=\"text-editor.default\">\n\t\t\t\t<div class=\"elementor-widget-container\">\n\t\t\t\t\t\t\t\t\t<p style=\"font-size: 15px; font-style: normal; font-weight: 400;\">L&rsquo;Atelier En Selle Deniers est situ\u00e9 dans le quartier des Sept Deniers \u00e0 Toulouse (31200 &#8211; France), au c\u0153ur de la Cit\u00e9 Madrid.<\/p>\n<p style=\"font-size: 15px; font-style: normal; font-weight: 400;\">Atelier En Selle Deniers<br \/>18 rue de l&rsquo;Abb\u00e9 Naudin<br \/>31200 Toulouse<\/p>\n<p style=\"font-size: 15px; font-style: normal; font-weight: 400;\">Vous pouvez venir \u00e0 pieds, en v\u00e9lo ou en bus tisseo L1 ou 70, arr\u00eat \u00ab\u00a0Cit\u00e9 Madrid\u00a0\u00bb<\/p>\n<p style=\"font-size: 15px; font-style: normal; font-weight: 400;\"><span style=\"font-size: 15px; font-weight: bold;\">Mail :\u00a0<\/span><a style=\"font-size: 15px;\" href=\"mailto:atelier@enselledeniers.bike\" target=\"_blank\" rel=\"noreferrer noopener\">atelier@enselledeniers.bike<\/a><br \/><span style=\"font-size: 15px; font-weight: bold;\">Site internet :<\/span>\u00a0ben&#8230;vous \u00eates dessus l\u00e0 en fait !<\/p>\t\t\t\t\t\t\t\t<\/div>\n\t\t\t\t<\/div>\n\t\t\t\t\t<\/div>\n\t\t<\/div>\n\t\t\t\t\t<\/div>\n\t\t<\/section>\n\t\t\t\t<\/div>\n\t\t","protected":false},"excerpt":{"rendered":"<p>L&rsquo;Atelier En Selle Deniers est situ\u00e9 dans le quartier des Sept Deniers \u00e0 Toulouse (31200 &#8211; France), au c\u0153ur de la Cit\u00e9 Madrid. Atelier En Selle Deniers18 rue de l&rsquo;Abb\u00e9 Naudin31200 Toulouse Vous pouvez venir \u00e0 pieds, en v\u00e9lo ou en bus tisseo L1 ou 70, arr\u00eat \u00ab\u00a0Cit\u00e9 Madrid\u00a0\u00bb Mail :\u00a0atelier@enselledeniers.bikeSite internet :\u00a0ben&#8230;vous \u00eates dessus [&hellip;]<\/p>\n","protected":false},"author":1,"featured_media":0,"parent":0,"menu_order":0,"comment_status":"closed","ping_status":"closed","template":"elementor_header_footer","meta":{"site-sidebar-layout":"default","site-content-layout":"default","ast-site-content-layout":"","site-content-style":"default","site-sidebar-style":"default","ast-global-header-display":"","ast-banner-title-visibility":"","ast-main-header-display":"","ast-hfb-above-header-display":"","ast-hfb-below-header-display":"","ast-hfb-mobile-header-display":"","site-post-title":"","ast-breadcrumbs-content":"","ast-featured-img":"","footer-sml-layout":"","theme-transparent-header-meta":"default","adv-header-id-meta":"","stick-header-meta":"","header-above-stick-meta":"","header-main-stick-meta":"","header-below-stick-meta":"","astra-migrate-meta-layouts":"default","ast-page-background-enabled":"default","ast-page-background-meta":{"desktop":{"background-color":"","background-image":"","background-repeat":"repeat","background-position":"center center","background-size":"auto","background-attachment":"scroll","background-type":"","background-media":"","overlay-type":"","overlay-color":"","overlay-opacity":"","overlay-gradient":""},"tablet":{"background-color":"","background-image":"","background-repeat":"repeat","background-position":"center center","background-size":"auto","background-attachment":"scroll","background-type":"","background-media":"","overlay-type":"","overlay-color":"","overlay-opacity":"","overlay-gradient":""},"mobile":{"background-color":"","background-image":"","background-repeat":"repeat","background-position":"center center","background-size":"auto","background-attachment":"scroll","background-type":"","background-media":"","overlay-type":"","overlay-color":"","overlay-opacity":"","overlay-gradient":""}},"ast-content-background-meta":{"desktop":{"background-color":"var(--ast-global-color-5)","background-image":"","background-repeat":"repeat","background-position":"center center","background-size":"auto","background-attachment":"scroll","background-type":"","background-media":"","overlay-type":"","overlay-color":"","overlay-opacity":"","overlay-gradient":""},"tablet":{"background-color":"var(--ast-global-color-5)","background-image":"","background-repeat":"repeat","background-position":"center center","background-size":"auto","background-attachment":"scroll","background-type":"","background-media":"","overlay-type":"","overlay-color":"","overlay-opacity":"","overlay-gradient":""},"mobile":{"background-color":"var(--ast-global-color-5)","background-image":"","background-repeat":"repeat","background-position":"center center","background-size":"auto","background-attachment":"scroll","background-type":"","background-media":"","overlay-type":"","overlay-color":"","overlay-opacity":"","overlay-gradient":""}},"footnotes":""},"class_list":["post-245","page","type-page","status-publish","hentry"],"_links":{"self":[{"href":"https:\/\/enselledeniers.bike\/index.php\/wp-json\/wp\/v2\/pages\/245","targetHints":{"allow":["GET"]}}],"collection":[{"href":"https:\/\/enselledeniers.bike\/index.php\/wp-json\/wp\/v2\/pages"}],"about":[{"href":"https:\/\/enselledeniers.bike\/index.php\/wp-json\/wp\/v2\/types\/page"}],"author":[{"embeddable":true,"href":"https:\/\/enselledeniers.bike\/index.php\/wp-json\/wp\/v2\/users\/1"}],"replies":[{"embeddable":true,"href":"https:\/\/enselledeniers.bike\/index.php\/wp-json\/wp\/v2\/comments?post=245"}],"version-history":[{"count":16,"href":"https:\/\/enselledeniers.bike\/index.php\/wp-json\/wp\/v2\/pages\/245\/revisions"}],"predecessor-version":[{"id":1051,"href":"https:\/\/enselledeniers.bike\/index.php\/wp-json\/wp\/v2\/pages\/245\/revisions\/1051"}],"wp:attachment":[{"href":"https:\/\/enselledeniers.bike\/index.php\/wp-json\/wp\/v2\/media?parent=245"}],"curies":[{"name":"wp","href":"https:\/\/api.w.org\/{rel}","templated":true}]}}