{"id":3,"date":"2019-11-04T10:15:18","date_gmt":"2019-11-04T09:15:18","guid":{"rendered":"http:\/\/enselledeniers.bike\/?page_id=3"},"modified":"2021-05-03T13:06:44","modified_gmt":"2021-05-03T11:06:44","slug":"mentions-legales","status":"publish","type":"page","link":"https:\/\/enselledeniers.bike\/index.php\/mentions-legales\/","title":{"rendered":"mentions l\u00e9gales"},"content":{"rendered":"\n<h2 class=\"wp-block-heading\">mentions l\u00e9gales<\/h2>\n\n\n\n<p>Association en selle deniers<br>Association coll\u00e9giale Loi de 1901<br> Identifiant SIREN : 879 230 373<br>18 rue de l&rsquo;Abb\u00e9 Naudin<br>31200 Toulouse<\/p>\n\n\n\n<p><strong>Contact : <\/strong>07 82 03 58 22 ou atelier@enselledeniers.bike<br><strong>Directeur de la publication<\/strong> : Fran\u00e7ois Maurer, membre de la Coll\u00e9giale<br><strong>Responsable de la r\u00e9daction<\/strong> : Fran\u00e7ois Maurer, membre de la Coll\u00e9giale<\/p>\n\n\n\n<h2 class=\"wp-block-heading\"><strong>H\u00e9bergement :<\/strong><\/h2>\n\n\n\n<p>Le site idelia.org est h\u00e9berg\u00e9 en France sur les serveurs de :<br><strong>OVH<\/strong><br>RCS Lille M\u00e9tropole 424 761 419 0004<br>52 rue Kellermann \u2013 59100 Roubaix<br>T\u00e9l d&rsquo;OVH : 08 203 203 63 \/ n\u00b0 indigo (0,118 \u20ac\/min)<br>Mail d&rsquo;OVH : support@ovh.com<\/p>\n\n\n\n<p>Le site ainsi que tous les \u00e9l\u00e9ments qui le composent, tant sa structure g\u00e9n\u00e9rale que son contenu (textes, slogans, graphiques, images, vid\u00e9os, photos et autres contenus), appartiennent \u00e0 en selle deniers. Toute repr\u00e9sentation, reproduction, modification, d\u00e9naturation et\/ou exploitation totale ou partielle du Service ou de son contenu prohib\u00e9 et constitue des actes de contrefa\u00e7on.Les marques, logos, d\u00e9nominations sociales, sigles, noms commerciaux, enseignes et\/ou noms de domaine d\u2019en selle deniers sont des signes distinctifs non susceptible d\u2019utilisation.<\/p>\n\n\n\n<p><strong>Copyright<\/strong> : en selle deniers<\/p>\n","protected":false},"excerpt":{"rendered":"<p>mentions l\u00e9gales Association en selle deniersAssociation coll\u00e9giale Loi de 1901 Identifiant SIREN : 879 230 37318 rue de l&rsquo;Abb\u00e9 Naudin31200 Toulouse Contact : 07 82 03 58 22 ou atelier@enselledeniers.bikeDirecteur de la publication : Fran\u00e7ois Maurer, membre de la Coll\u00e9gialeResponsable de la r\u00e9daction : Fran\u00e7ois Maurer, membre de la Coll\u00e9giale H\u00e9bergement : Le site idelia.org [&hellip;]<\/p>\n","protected":false},"author":1,"featured_media":0,"parent":0,"menu_order":0,"comment_status":"closed","ping_status":"closed","template":"elementor_header_footer","meta":{"site-sidebar-layout":"default","site-content-layout":"default","ast-site-content-layout":"","site-content-style":"default","site-sidebar-style":"default","ast-global-header-display":"","ast-banner-title-visibility":"","ast-main-header-display":"","ast-hfb-above-header-display":"","ast-hfb-below-header-display":"","ast-hfb-mobile-header-display":"","site-post-title":"disabled","ast-breadcrumbs-content":"","ast-featured-img":"","footer-sml-layout":"","theme-transparent-header-meta":"default","adv-header-id-meta":"","stick-header-meta":"","header-above-stick-meta":"","header-main-stick-meta":"","header-below-stick-meta":"","astra-migrate-meta-layouts":"default","ast-page-background-enabled":"default","ast-page-background-meta":{"desktop":{"background-color":"","background-image":"","background-repeat":"repeat","background-position":"center center","background-size":"auto","background-attachment":"scroll","background-type":"","background-media":"","overlay-type":"","overlay-color":"","overlay-opacity":"","overlay-gradient":""},"tablet":{"background-color":"","background-image":"","background-repeat":"repeat","background-position":"center center","background-size":"auto","background-attachment":"scroll","background-type":"","background-media":"","overlay-type":"","overlay-color":"","overlay-opacity":"","overlay-gradient":""},"mobile":{"background-color":"","background-image":"","background-repeat":"repeat","background-position":"center center","background-size":"auto","background-attachment":"scroll","background-type":"","background-media":"","overlay-type":"","overlay-color":"","overlay-opacity":"","overlay-gradient":""}},"ast-content-background-meta":{"desktop":{"background-color":"var(--ast-global-color-5)","background-image":"","background-repeat":"repeat","background-position":"center center","background-size":"auto","background-attachment":"scroll","background-type":"","background-media":"","overlay-type":"","overlay-color":"","overlay-opacity":"","overlay-gradient":""},"tablet":{"background-color":"var(--ast-global-color-5)","background-image":"","background-repeat":"repeat","background-position":"center center","background-size":"auto","background-attachment":"scroll","background-type":"","background-media":"","overlay-type":"","overlay-color":"","overlay-opacity":"","overlay-gradient":""},"mobile":{"background-color":"var(--ast-global-color-5)","background-image":"","background-repeat":"repeat","background-position":"center center","background-size":"auto","background-attachment":"scroll","background-type":"","background-media":"","overlay-type":"","overlay-color":"","overlay-opacity":"","overlay-gradient":""}},"footnotes":""},"class_list":["post-3","page","type-page","status-publish","hentry"],"_links":{"self":[{"href":"https:\/\/enselledeniers.bike\/index.php\/wp-json\/wp\/v2\/pages\/3","targetHints":{"allow":["GET"]}}],"collection":[{"href":"https:\/\/enselledeniers.bike\/index.php\/wp-json\/wp\/v2\/pages"}],"about":[{"href":"https:\/\/enselledeniers.bike\/index.php\/wp-json\/wp\/v2\/types\/page"}],"author":[{"embeddable":true,"href":"https:\/\/enselledeniers.bike\/index.php\/wp-json\/wp\/v2\/users\/1"}],"replies":[{"embeddable":true,"href":"https:\/\/enselledeniers.bike\/index.php\/wp-json\/wp\/v2\/comments?post=3"}],"version-history":[{"count":2,"href":"https:\/\/enselledeniers.bike\/index.php\/wp-json\/wp\/v2\/pages\/3\/revisions"}],"predecessor-version":[{"id":311,"href":"https:\/\/enselledeniers.bike\/index.php\/wp-json\/wp\/v2\/pages\/3\/revisions\/311"}],"wp:attachment":[{"href":"https:\/\/enselledeniers.bike\/index.php\/wp-json\/wp\/v2\/media?parent=3"}],"curies":[{"name":"wp","href":"https:\/\/api.w.org\/{rel}","templated":true}]}}