{"id":471,"date":"2020-04-06T18:24:15","date_gmt":"2020-04-06T16:24:15","guid":{"rendered":"http:\/\/enselledeniers.bike\/?page_id=471"},"modified":"2021-05-03T13:06:36","modified_gmt":"2021-05-03T11:06:36","slug":"nos-partenaires-locaux","status":"publish","type":"page","link":"https:\/\/enselledeniers.bike\/index.php\/nos-partenaires-locaux\/","title":{"rendered":"nos partenaires locaux"},"content":{"rendered":"\n<div class=\"wp-block-cover has-background-dim-20 has-background-dim has-background-dim-NaN\" style=\"background-image:url(http:\/\/enselledeniers.bike\/wp-content\/uploads\/2020\/04\/Producteurs-ESD3.jpg);background-position:49% 45%;min-height:530px;aspect-ratio:unset;\"><div class=\"wp-block-cover__inner-container is-layout-flow wp-block-cover-is-layout-flow\">\n<p class=\"has-text-align-center has-text-color has-huge-font-size\" style=\"color:#fed23e\">nos partenaires locaux<\/p>\n<\/div><\/div>\n\n\n\n<hr class=\"wp-block-separator is-style-wide\"\/>\n\n\n<h2 class=\"fonts-plugin-block \" style=\"font-size: 25px;color: #fed23e\">D\u00e9couvrez notre nouveau partenaire local pour les pi\u00e8ces et v\u00e9los neuf<\/h2>\n\n\n<div class=\"wp-block-media-text alignwide is-stacked-on-mobile\" style=\"grid-template-columns:32% auto\"><figure class=\"wp-block-media-text__media\"><a href=\"https:\/\/www.xxcycle.fr\/\" target=\"_blank\" rel=\"noopener noreferrer\"><img fetchpriority=\"high\" decoding=\"async\" width=\"960\" height=\"960\" src=\"https:\/\/enselledeniers.bike\/wp-content\/uploads\/2020\/07\/Entr\u00e9e-XXcycle.jpg\" alt=\"\" class=\"wp-image-811\" srcset=\"https:\/\/enselledeniers.bike\/wp-content\/uploads\/2020\/07\/Entr\u00e9e-XXcycle.jpg 960w, https:\/\/enselledeniers.bike\/wp-content\/uploads\/2020\/07\/Entr\u00e9e-XXcycle-300x300.jpg 300w, https:\/\/enselledeniers.bike\/wp-content\/uploads\/2020\/07\/Entr\u00e9e-XXcycle-150x150.jpg 150w, https:\/\/enselledeniers.bike\/wp-content\/uploads\/2020\/07\/Entr\u00e9e-XXcycle-768x768.jpg 768w\" sizes=\"(max-width: 960px) 100vw, 960px\" \/><\/a><\/figure><div class=\"wp-block-media-text__content\">\n<p><strong>XXXCycle \u00e0 L&rsquo;Union est maintenant partenaire d&rsquo;En Selle Deniers !<br><\/strong><br>XXCycle fournit un service local de super qualit\u00e9, de tr\u00e8s beaux v\u00e9los neufs et le meilleur rapport qualit\u00e9\/prix sur les pi\u00e8ces neuves.<\/p>\n\n\n\n<p><strong>Autre gros avantage<\/strong>&nbsp;: vous pouvez commander directement sur leur site internet&nbsp;<a href=\"https:\/\/l.facebook.com\/l.php?u=https%3A%2F%2Fwww.xxcycle.fr%2F%3Ffbclid%3DIwAR35HNVwe7tPSehBJIbM8-BK6ZliWpwU7aB3MH0d7VCdg3JUIQhBttXgLWg&amp;h=AT0b0hcDJCKDOE0y1UqGzqoyfF7x7O2ERdrKvl9DwhL1NNsyyTjLm38vP6fBfJGYNtQj2uba4EH3g6JsDYFepqM-xoNvibn5BGaSwAnfS8s6gQQ9yYUX9XofIhekk4-CYC05BkiODHW1gTUDkp5o5Iy821ZAOJMYTlSF-eiTUCcKRcSfFLI7V4uxwKET5dU0qoEYyXcNpL4x5jeJ6rYHb8vWswrGtig2IwDM3Ne8pf0pUSqRqvEfjf_gvTjKjZb1Dfh55zfoaOwZwBcw5rxVBb8HBBm5WoRMbwSDf7112n7R7Ru04p1ghqAp9sakgzBckkrR_e1BMNQcNXer0zjQyU8qJonZ35FJb6sKAiJo0M6NtUw5bvpv72GbMawzaORwXWMIUSLOcsQ9ERoc7nLh7pl3bEjbXpFtwhUd8C1s8VMRuqX4bPdZlr6_nuQ9l5QEDUpw5QUhO7q8AaLZrTSeN9RhuDpJ9oSAaRDa1PhCy4Jc_ndW_rfKZ4pqDQa7Hs9fK1IWFJmH6c4zAO8So1eSDD_PjLANJmb4avP-2KymJPTQ1bnxAwh7GeckcTZXaVlCTpmnXiRLLYe2TToap23tfxZg5AlWNx88siUcqF3jaKlMAfw3uu4bcIMD_MrdiI7-4j29UUsV4-AILEEoEHtoxA\" target=\"_blank\" rel=\"noreferrer noopener\">https:\/\/www.xxcycle.fr\/<\/a>&nbsp;et vous faire livrer \u00e0 domicile ou aller \u00e0 la Boutique de l&rsquo;Union (9, Rue d&rsquo;H\u00e9lios).<\/p>\n\n\n\n<p>Les vendeuses -rs sont super comp\u00e9tentes-ts et nous aident r\u00e9guli\u00e8rement pour trouver les bonnes r\u00e9f\u00e9rences et les pi\u00e8ces qu&rsquo;il faut&nbsp;<\/p>\n<\/div><\/div>\n\n\n\n<hr class=\"wp-block-separator is-style-wide\"\/>\n\n\n<h1 class=\"fonts-plugin-block \" style=\"font-size: 25px;color: #fed23e\">Le vent de la r\u00e9colte &#8211; pains au levain aux bl\u00e9s anciens locaux<br>(retrait \u00e0 l&rsquo;atelier (click &amp; collect) le mercredi de 17h \u00e0 19h)<\/h1>\n\n\n<div class=\"wp-block-media-text alignwide is-stacked-on-mobile\" style=\"grid-template-columns:31% auto\"><figure class=\"wp-block-media-text__media\"><img decoding=\"async\" width=\"160\" height=\"160\" src=\"http:\/\/enselledeniers.bike\/wp-content\/uploads\/2020\/04\/Le-Vent-de-la-R\u00e9colte.jpg\" alt=\"\" class=\"wp-image-476\" srcset=\"https:\/\/enselledeniers.bike\/wp-content\/uploads\/2020\/04\/Le-Vent-de-la-R\u00e9colte.jpg 160w, https:\/\/enselledeniers.bike\/wp-content\/uploads\/2020\/04\/Le-Vent-de-la-R\u00e9colte-150x150.jpg 150w\" sizes=\"(max-width: 160px) 100vw, 160px\" \/><\/figure><div class=\"wp-block-media-text__content\"><p class=\"fonts-plugin-block \">L&rsquo;Atelier En Selle Deniers accueille Catherine &amp; Antoine du fournil local (Colomiers)<strong> LE VENT DE LA R\u00c9COLTE<\/strong>.<br>Farine bio de bl\u00e9s anciens du Tarn et du Lauragais, farine bio de petit \u00e9peautre du Lauragais,<br><strong>Commandez directement sur leur<a rel=\"noreferrer noopener\" href=\"https:\/\/leventdelarecolte.fr\/\" target=\"_blank\"> site<\/a> avant le mardi 18h et faites vous livrer \u00e0 l&rsquo;Atelier EN SELLE DENIERS le mercredi entre 17h et 19h.<\/strong><\/p>\n\n\n<figure class=\"wp-block-image size-large is-resized\"><img decoding=\"async\" src=\"https:\/\/enselledeniers.bike\/wp-content\/uploads\/2020\/04\/Logo-AB.png\" alt=\"\" class=\"wp-image-559\" width=\"353\" height=\"147\" srcset=\"https:\/\/enselledeniers.bike\/wp-content\/uploads\/2020\/04\/Logo-AB.png 400w, https:\/\/enselledeniers.bike\/wp-content\/uploads\/2020\/04\/Logo-AB-300x125.png 300w\" sizes=\"(max-width: 353px) 100vw, 353px\" \/><\/figure>\n<\/div><\/div>\n\n\n\n<hr class=\"wp-block-separator is-style-wide\"\/>\n\n\n<h1 class=\"fonts-plugin-block \" style=\"font-size: 30px;color: #fed23e\">Enercoop, fournisseur d\u2019\u00e9lectricit\u00e9 locale et verte (et inversement)<\/h1>\n\n\n<figure class=\"wp-block-image size-large\"><img loading=\"lazy\" decoding=\"async\" width=\"1024\" height=\"233\" src=\"https:\/\/enselledeniers.bike\/wp-content\/uploads\/2020\/05\/Logo-Enercoop-1024x233.png\" alt=\"\" class=\"wp-image-665\" srcset=\"https:\/\/enselledeniers.bike\/wp-content\/uploads\/2020\/05\/Logo-Enercoop-1024x233.png 1024w, https:\/\/enselledeniers.bike\/wp-content\/uploads\/2020\/05\/Logo-Enercoop-300x68.png 300w, https:\/\/enselledeniers.bike\/wp-content\/uploads\/2020\/05\/Logo-Enercoop-768x175.png 768w, https:\/\/enselledeniers.bike\/wp-content\/uploads\/2020\/05\/Logo-Enercoop.png 1100w\" sizes=\"(max-width: 1024px) 100vw, 1024px\" \/><\/figure>\n\n\n<p class=\"fonts-plugin-block \">L&rsquo;atelier v\u00e9lo En Selle Deniers contribue \u00e0 la transition \u00e9nerg\u00e9tique en consommant une \u00e9lectricit\u00e9 100% renouvelable aupr\u00e8s du fournisseur Enercoop.<br>Nous sommes fier de cet engagement et nous souhaitons le partager avec vous.<br>Enercoop, en quelques mots, c\u2019est:<br>     \u2022un fournisseur d\u2019\u00e9lectricit\u00e9 vraiment verte, reconnu officiellement par Greenpeace et l\u2019Ademe<br>     \u2022une organisation en circuit court avec 100% des contrats en direct avec des \u2022producteurs de la r\u00e9gion,<br>     \u2022un acteur de la transition \u00e9nerg\u00e9tique citoyenne,<br>     \u202211 coop\u00e9ratives et 46 000 soci\u00e9taires impliqu\u00e9s au c\u0153ur du projet.Si vous souhaitez vous joindre \u00e9galement au projet d\u2019Enercoop et accompagner le d\u00e9veloppement des \u00e9nergies renouvelables en France, nous pouvons vous parrainer et vous faire b\u00e9n\u00e9ficier de 20\u20ac de remise sur votre 1\u00e8re facture.<\/p>\n\n<h1 class=\"fonts-plugin-block \" style=\"font-size: 27px\">Nous vous invitons \u00e0 cliquer sur ce lien : <a rel=\"noreferrer noopener\" href=\"https:\/\/www.enercoop.fr\/\" target=\"_blank\">https:\/\/www.enercoop.fr<\/a>\/ et \u00e0 indiquer le code parrain de l&rsquo;Atelier En Selle Deniers  : PARRAIN_nbUGXb.<br><br>Vous \u00e9conomiserez 20 \u20ac sur votre premi\u00e8re facture et ferez \u00e9conomiser 20 \u20ac \u00e0 l&rsquo;Atelier En Selle Deniers.<\/h1>\n\n\n<hr class=\"wp-block-separator is-style-wide\"\/>\n\n\n\n<hr class=\"wp-block-separator is-style-wide\"\/>\n\n\n\n<div class=\"wp-block-group alignwide\"><div class=\"wp-block-group__inner-container is-layout-flow wp-block-group-is-layout-flow\"><h1 class=\"fonts-plugin-block \" style=\"font-size: 25px;color: #fed23e\">Miss Th\u00e9onie &#8211; paniers de l\u00e9gumes, fruits, \u0153ufs et l\u00e9gumineuses<br>(livraisons \u00e0 domicile pendant le confinement)<\/h1>\n\n\n<div class=\"wp-block-media-text alignwide is-stacked-on-mobile is-vertically-aligned-center\" style=\"grid-template-columns:31% auto\"><figure class=\"wp-block-media-text__media\"><img loading=\"lazy\" decoding=\"async\" width=\"227\" height=\"227\" src=\"http:\/\/enselledeniers.bike\/wp-content\/uploads\/2019\/12\/logo-miss-th\u00e9onie.png\" alt=\"miss th\u00e9onie\" class=\"wp-image-198\" srcset=\"https:\/\/enselledeniers.bike\/wp-content\/uploads\/2019\/12\/logo-miss-th\u00e9onie.png 227w, https:\/\/enselledeniers.bike\/wp-content\/uploads\/2019\/12\/logo-miss-th\u00e9onie-150x150.png 150w\" sizes=\"(max-width: 227px) 100vw, 227px\" \/><\/figure><div class=\"wp-block-media-text__content\"><p class=\"fonts-plugin-block \">L&rsquo;Association \u00e9tudiante \u00ab\u00a0Les Paniers \u00e9cho-solidaires\u00a0\u00bb de L\u00e9na &amp; Pierre est devenue Miss Th\u00e9onie. Partenaire de l&rsquo;Atelier En Selle Deniers depuis plus d&rsquo;un an, Miss Th\u00e9onie livre maintenant \u00e0 domicile. Le point d\u00e9p\u00f4t \u00e0 l&rsquo;Atelier reprendra apr\u00e8s le confinement.<br><strong>Commandez vos paniers de l\u00e9gumes frais &amp; locaux avant le samedi midi\u00a0sur le site de\u00a0<a rel=\"noreferrer noopener\" href=\"https:\/\/misstheonie.com\/\" target=\"_blank\">Miss Th\u00e9onie<\/a>\u00a0et faites-vous livrer directement chez vous et sans contact.<\/strong><\/p><\/div><\/div>\n\n\n\n<hr class=\"wp-block-separator is-style-wide\"\/>\n<\/div><\/div>\n\n\n<h1 class=\"fonts-plugin-block \" style=\"font-size: 25px;color: #fed23e\">Le Caf\u00e9 des plumes &#8211; tartes, salades et plats du jour<br>(livraison \u00e0 domicile et au Caf\u00e9 des plumes)<\/h1>\n\n\n<div class=\"wp-block-media-text alignwide is-stacked-on-mobile\" style=\"grid-template-columns:31% auto\"><figure class=\"wp-block-media-text__media\"><img loading=\"lazy\" decoding=\"async\" width=\"875\" height=\"432\" src=\"http:\/\/enselledeniers.bike\/wp-content\/uploads\/2020\/04\/Caf\u00e9-des-Plumes.jpg\" alt=\"\" class=\"wp-image-477\" srcset=\"https:\/\/enselledeniers.bike\/wp-content\/uploads\/2020\/04\/Caf\u00e9-des-Plumes.jpg 875w, https:\/\/enselledeniers.bike\/wp-content\/uploads\/2020\/04\/Caf\u00e9-des-Plumes-300x148.jpg 300w, https:\/\/enselledeniers.bike\/wp-content\/uploads\/2020\/04\/Caf\u00e9-des-Plumes-768x379.jpg 768w\" sizes=\"(max-width: 875px) 100vw, 875px\" \/><\/figure><div class=\"wp-block-media-text__content\"><p class=\"fonts-plugin-block \">Nos amies du Caf\u00e9 des plumes (78, route de Blagnac aux Sept Deniers) proposent de supers bons plats et menus qu&rsquo;elles peuvent livrer chez vous directement (Sept Deniers, Blagnac, Amidonniers, Ponts Jumeaux) ou que vous pouvez r\u00e9cup\u00e9rer au Caf\u00e9 des plumes.<br><strong>Pour tous renseignements, contactez directement le Caf\u00e9 des plumes sur leur page <a href=\"https:\/\/www.facebook.com\/cafedesplumes\/\">facebook <\/a>ou par mail \u00e0 <a href=\"mailto:cafedesplumes@gmail.com\"><u>cafedesplumes@gmail .com<\/u><\/a><\/strong><\/p><\/div><\/div>\n\n\n\n<hr class=\"wp-block-separator is-style-wide\"\/>\n\n\n<h1 class=\"fonts-plugin-block \" style=\"font-size: 25px;color: #fed23e\">Origin&rsquo;elles &#8211; charcuteries, fromages, plateaux ap\u00e9ros<br>(livraison \u00e0 domicile et \u00e0 la boutique)<\/h1>\n\n\n<div class=\"wp-block-media-text alignwide is-stacked-on-mobile\" style=\"grid-template-columns:30% auto\"><figure class=\"wp-block-media-text__media\"><img loading=\"lazy\" decoding=\"async\" width=\"708\" height=\"708\" src=\"https:\/\/enselledeniers.bike\/wp-content\/uploads\/2020\/04\/Logo-Originelles.png\" alt=\"\" class=\"wp-image-478\" srcset=\"https:\/\/enselledeniers.bike\/wp-content\/uploads\/2020\/04\/Logo-Originelles.png 708w, https:\/\/enselledeniers.bike\/wp-content\/uploads\/2020\/04\/Logo-Originelles-300x300.png 300w, https:\/\/enselledeniers.bike\/wp-content\/uploads\/2020\/04\/Logo-Originelles-150x150.png 150w\" sizes=\"(max-width: 708px) 100vw, 708px\" \/><\/figure><div class=\"wp-block-media-text__content\"><p class=\"fonts-plugin-block \" style=\"line-height: 1.9\">Nos amies d&rsquo;Origin&rsquo;elles (4 Plan Du Port \u00e0 Blagnac) pr\u00e9parent sur commande (ou en direct live&#8230; ) les plateaux ap\u00e9ro, raclette&#8230;. Pas de plat sp\u00e9cifique, mais il y a des plats tout pr\u00eat c\u00f4t\u00e9 \u00e9picerie ( cassoulet, b\u0153uf au cidre&#8230;) et puis la charcuterie, le fromage et en ce moment quelques l\u00e9gumes (carottes, oignons, pommes, pommes de terre, dattes, courgettes.. ). Pain bio sur commande et les \u0153ufs extra frais&#8230;. Et puis vins, bi\u00e8res, cookies maison&#8230;.<br><strong>Permanences sur place : Lundi 10h\/13h ;  Mercredi 10h\/13h ;  Vendredi 17h\/19h<\/strong><br><strong>Livraisons possibles apr\u00e8s les horaires d&rsquo;ouverture. Les commandes se prennent par t\u00e9l\u00e9phone ou par sms au 06 14 29 22 50. Plus d&rsquo;infos sur la page facebook d<a href=\"https:\/\/www.facebook.com\/originellesBlagnac\/\">&lsquo;Origin&rsquo;elles<\/a>.<\/strong><\/p><\/div><\/div>\n\n\n\n<hr class=\"wp-block-separator is-style-wide\"\/>\n\n\n<h2 class=\"fonts-plugin-block \" style=\"font-size: 30px;color: #fed23e\">C\u0153ur de bretzel \ud83e\udd68<br>(de retour sur le march\u00e9 Place Job d\u00e8s dimanche 17 mai 2020)<br><\/h2>\n\n\n<div class=\"wp-block-media-text alignwide is-stacked-on-mobile\" style=\"grid-template-columns:34% auto\"><figure class=\"wp-block-media-text__media\"><img loading=\"lazy\" decoding=\"async\" width=\"476\" height=\"543\" src=\"http:\/\/enselledeniers.bike\/wp-content\/uploads\/2020\/04\/Bretzel.png\" alt=\"\" class=\"wp-image-548\" srcset=\"https:\/\/enselledeniers.bike\/wp-content\/uploads\/2020\/04\/Bretzel.png 476w, https:\/\/enselledeniers.bike\/wp-content\/uploads\/2020\/04\/Bretzel-263x300.png 263w\" sizes=\"(max-width: 476px) 100vw, 476px\" \/><\/figure><div class=\"wp-block-media-text__content\">\n<p>Retrouvez les d\u00e9licieux bretzels de Dany sur le march\u00e9 Place Job le dimanche matin.<\/p>\n<\/div><\/div>\n\n\n\n<hr class=\"wp-block-separator is-style-wide\"\/>\n\n\n<h1 class=\"fonts-plugin-block \" style=\"font-size: 25px;color: #fed23e\">Bernard Redon &#8211; fruits<br>(de retour sur le march\u00e9 Place Job d\u00e8s dimanche 12 avril 2020)<\/h1>\n\n\n<div class=\"wp-block-media-text alignwide is-stacked-on-mobile\" style=\"grid-template-columns:31% auto\"><figure class=\"wp-block-media-text__media\"><img loading=\"lazy\" decoding=\"async\" width=\"300\" height=\"204\" src=\"http:\/\/enselledeniers.bike\/wp-content\/uploads\/2020\/04\/Pommes-Kiwi.jpg\" alt=\"\" class=\"wp-image-540\"\/><\/figure><div class=\"wp-block-media-text__content\"><p class=\"fonts-plugin-block \">Retrouvez Bernard Redon sur le march\u00e9 de la Place Job d\u00e8s dimanche 12 avril 2020.<\/p><\/div><\/div>\n\n\n\n<hr class=\"wp-block-separator is-style-wide\"\/>\n\n\n<h1 class=\"fonts-plugin-block \" style=\"font-size: 30px;color: #fed23e\">Amisth\u00e9s : th\u00e9s, caf\u00e9s, tisanes bio<\/h1>\n\n\n<div class=\"wp-block-media-text alignwide is-stacked-on-mobile\" style=\"grid-template-columns:34% auto\"><figure class=\"wp-block-media-text__media\"><img loading=\"lazy\" decoding=\"async\" width=\"1024\" height=\"768\" src=\"https:\/\/enselledeniers.bike\/wp-content\/uploads\/2020\/04\/Amisth\u00e9-1024x768.jpg\" alt=\"\" class=\"wp-image-560\" srcset=\"https:\/\/enselledeniers.bike\/wp-content\/uploads\/2020\/04\/Amisth\u00e9-1024x768.jpg 1024w, https:\/\/enselledeniers.bike\/wp-content\/uploads\/2020\/04\/Amisth\u00e9-300x225.jpg 300w, https:\/\/enselledeniers.bike\/wp-content\/uploads\/2020\/04\/Amisth\u00e9-768x576.jpg 768w, https:\/\/enselledeniers.bike\/wp-content\/uploads\/2020\/04\/Amisth\u00e9-1536x1152.jpg 1536w, https:\/\/enselledeniers.bike\/wp-content\/uploads\/2020\/04\/Amisth\u00e9-2048x1536.jpg 2048w\" sizes=\"(max-width: 1024px) 100vw, 1024px\" \/><\/figure><div class=\"wp-block-media-text__content\"><p class=\"fonts-plugin-block text-align:justify\" style=\"text-align: left\">En attendant de retrouver Cathy sur le march\u00e9 de la Place Job, commandez-lui directement th\u00e9s, caf\u00e9s, tisanes etc&#8230; par t\u00e9l\u00e9phone au 06 75 76 91 03 ou par email \u00e0\u00a0<a rel=\"noreferrer noopener\" href=\"mailto:amisthes@sfr.fr\" target=\"_blank\">amisthes@sfr.fr<\/a> et venez r\u00e9cup\u00e9rer votre commande \u00e0 l&rsquo;Atelier le jeudi entre 16 et 18h.<br>Paiement sur place par ch\u00e8que, esp\u00e8ce, ou CB.<\/p>\n\n\n<figure class=\"wp-block-image size-large\"><img loading=\"lazy\" decoding=\"async\" width=\"400\" height=\"167\" src=\"http:\/\/enselledeniers.bike\/wp-content\/uploads\/2020\/04\/Logo-AB.png\" alt=\"\" class=\"wp-image-559\" srcset=\"https:\/\/enselledeniers.bike\/wp-content\/uploads\/2020\/04\/Logo-AB.png 400w, https:\/\/enselledeniers.bike\/wp-content\/uploads\/2020\/04\/Logo-AB-300x125.png 300w\" sizes=\"(max-width: 400px) 100vw, 400px\" \/><\/figure>\n<\/div><\/div>\n\n\n\n<hr class=\"wp-block-separator is-style-wide\"\/>\n\n\n<h1 class=\"fonts-plugin-block \" style=\"font-size: 25px;color: #fed23e\">Florence Gin\u00e9 &#8211; Fromages fermiers et artisanaux<br>(de retour sur le march\u00e9 Place Job d\u00e8s dimanche 12 avril 2020)<\/h1>\n\n\n<div class=\"wp-block-media-text alignwide is-stacked-on-mobile\" style=\"grid-template-columns:30% auto\"><figure class=\"wp-block-media-text__media\"><img loading=\"lazy\" decoding=\"async\" width=\"650\" height=\"394\" src=\"https:\/\/enselledeniers.bike\/wp-content\/uploads\/2020\/04\/Fromage-du-Couserans-ari-ge-St-Girons-.jpg\" alt=\"\" class=\"wp-image-542\" srcset=\"https:\/\/enselledeniers.bike\/wp-content\/uploads\/2020\/04\/Fromage-du-Couserans-ari-ge-St-Girons-.jpg 650w, https:\/\/enselledeniers.bike\/wp-content\/uploads\/2020\/04\/Fromage-du-Couserans-ari-ge-St-Girons--300x182.jpg 300w\" sizes=\"(max-width: 650px) 100vw, 650px\" \/><\/figure><div class=\"wp-block-media-text__content\"><p class=\"fonts-plugin-block \">Retrouvez Florence Gin\u00e9 sur le march\u00e9 de la Place Job d\u00e8s dimanche 12 avril 2020.<\/p><\/div><\/div>\n\n\n\n<p><\/p>\n","protected":false},"excerpt":{"rendered":"<p>XXXCycle \u00e0 L&rsquo;Union est maintenant partenaire d&rsquo;En Selle Deniers !XXCycle fournit un service local de super qualit\u00e9, de tr\u00e8s beaux v\u00e9los neufs et le meilleur rapport qualit\u00e9\/prix sur les pi\u00e8ces neuves. Autre gros avantage&nbsp;: vous pouvez commander directement sur leur site internet&nbsp;https:\/\/www.xxcycle.fr\/&nbsp;et vous faire livrer \u00e0 domicile ou aller \u00e0 la Boutique de l&rsquo;Union (9, [&hellip;]<\/p>\n","protected":false},"author":1,"featured_media":0,"parent":0,"menu_order":0,"comment_status":"closed","ping_status":"closed","template":"elementor_header_footer","meta":{"site-sidebar-layout":"default","site-content-layout":"plain-container","ast-site-content-layout":"","site-content-style":"default","site-sidebar-style":"default","ast-global-header-display":"","ast-banner-title-visibility":"","ast-main-header-display":"","ast-hfb-above-header-display":"","ast-hfb-below-header-display":"","ast-hfb-mobile-header-display":"","site-post-title":"disabled","ast-breadcrumbs-content":"","ast-featured-img":"","footer-sml-layout":"","theme-transparent-header-meta":"default","adv-header-id-meta":"","stick-header-meta":"","header-above-stick-meta":"","header-main-stick-meta":"","header-below-stick-meta":"","astra-migrate-meta-layouts":"default","ast-page-background-enabled":"default","ast-page-background-meta":{"desktop":{"background-color":"","background-image":"","background-repeat":"repeat","background-position":"center center","background-size":"auto","background-attachment":"scroll","background-type":"","background-media":"","overlay-type":"","overlay-color":"","overlay-opacity":"","overlay-gradient":""},"tablet":{"background-color":"","background-image":"","background-repeat":"repeat","background-position":"center center","background-size":"auto","background-attachment":"scroll","background-type":"","background-media":"","overlay-type":"","overlay-color":"","overlay-opacity":"","overlay-gradient":""},"mobile":{"background-color":"","background-image":"","background-repeat":"repeat","background-position":"center center","background-size":"auto","background-attachment":"scroll","background-type":"","background-media":"","overlay-type":"","overlay-color":"","overlay-opacity":"","overlay-gradient":""}},"ast-content-background-meta":{"desktop":{"background-color":"var(--ast-global-color-5)","background-image":"","background-repeat":"repeat","background-position":"center center","background-size":"auto","background-attachment":"scroll","background-type":"","background-media":"","overlay-type":"","overlay-color":"","overlay-opacity":"","overlay-gradient":""},"tablet":{"background-color":"var(--ast-global-color-5)","background-image":"","background-repeat":"repeat","background-position":"center center","background-size":"auto","background-attachment":"scroll","background-type":"","background-media":"","overlay-type":"","overlay-color":"","overlay-opacity":"","overlay-gradient":""},"mobile":{"background-color":"var(--ast-global-color-5)","background-image":"","background-repeat":"repeat","background-position":"center center","background-size":"auto","background-attachment":"scroll","background-type":"","background-media":"","overlay-type":"","overlay-color":"","overlay-opacity":"","overlay-gradient":""}},"footnotes":""},"class_list":["post-471","page","type-page","status-publish","hentry"],"_links":{"self":[{"href":"https:\/\/enselledeniers.bike\/index.php\/wp-json\/wp\/v2\/pages\/471","targetHints":{"allow":["GET"]}}],"collection":[{"href":"https:\/\/enselledeniers.bike\/index.php\/wp-json\/wp\/v2\/pages"}],"about":[{"href":"https:\/\/enselledeniers.bike\/index.php\/wp-json\/wp\/v2\/types\/page"}],"author":[{"embeddable":true,"href":"https:\/\/enselledeniers.bike\/index.php\/wp-json\/wp\/v2\/users\/1"}],"replies":[{"embeddable":true,"href":"https:\/\/enselledeniers.bike\/index.php\/wp-json\/wp\/v2\/comments?post=471"}],"version-history":[{"count":71,"href":"https:\/\/enselledeniers.bike\/index.php\/wp-json\/wp\/v2\/pages\/471\/revisions"}],"predecessor-version":[{"id":817,"href":"https:\/\/enselledeniers.bike\/index.php\/wp-json\/wp\/v2\/pages\/471\/revisions\/817"}],"wp:attachment":[{"href":"https:\/\/enselledeniers.bike\/index.php\/wp-json\/wp\/v2\/media?parent=471"}],"curies":[{"name":"wp","href":"https:\/\/api.w.org\/{rel}","templated":true}]}}