{"id":85,"date":"2019-12-03T11:19:17","date_gmt":"2019-12-03T10:19:17","guid":{"rendered":"http:\/\/enselledeniers.bike\/?page_id=85"},"modified":"2025-09-29T17:15:45","modified_gmt":"2025-09-29T15:15:45","slug":"cafe-bricol","status":"publish","type":"page","link":"https:\/\/enselledeniers.bike\/index.php\/cafe-bricol\/","title":{"rendered":"caf\u00e9 bricol des sept deniers"},"content":{"rendered":"\t\t<div data-elementor-type=\"wp-page\" data-elementor-id=\"85\" class=\"elementor elementor-85\">\n\t\t\t\t\t\t<section class=\"elementor-section elementor-top-section elementor-element elementor-element-8defe17 elementor-section-height-min-height elementor-section-boxed elementor-section-height-default elementor-section-items-middle\" data-id=\"8defe17\" data-element_type=\"section\" data-e-type=\"section\" data-settings=\"{&quot;background_background&quot;:&quot;slideshow&quot;,&quot;background_slideshow_gallery&quot;:[{&quot;id&quot;:113,&quot;url&quot;:&quot;https:\\\/\\\/enselledeniers.bike\\\/wp-content\\\/uploads\\\/2019\\\/12\\\/IMG_20190926_202259-scaled-e1575371226173.jpg&quot;}],&quot;background_slideshow_loop&quot;:&quot;yes&quot;,&quot;background_slideshow_slide_duration&quot;:5000,&quot;background_slideshow_slide_transition&quot;:&quot;fade&quot;,&quot;background_slideshow_transition_duration&quot;:500}\">\n\t\t\t\t\t\t<div class=\"elementor-container elementor-column-gap-default\">\n\t\t\t\t\t<div class=\"elementor-column elementor-col-100 elementor-top-column elementor-element elementor-element-3cba9ad\" data-id=\"3cba9ad\" data-element_type=\"column\" data-e-type=\"column\">\n\t\t\t<div class=\"elementor-widget-wrap elementor-element-populated\">\n\t\t\t\t\t\t<div class=\"elementor-element elementor-element-62a826f elementor-invisible elementor-widget elementor-widget-heading\" data-id=\"62a826f\" data-element_type=\"widget\" data-e-type=\"widget\" data-settings=\"{&quot;_animation&quot;:&quot;bounceInDown&quot;}\" data-widget_type=\"heading.default\">\n\t\t\t\t<div class=\"elementor-widget-container\">\n\t\t\t\t\t<h2 class=\"elementor-heading-title elementor-size-default\">Caf\u00e9 Bricol' \/ Repair Caf\u00e9\ndes\nSept Deniers<\/h2>\t\t\t\t<\/div>\n\t\t\t\t<\/div>\n\t\t\t\t\t<\/div>\n\t\t<\/div>\n\t\t\t\t\t<\/div>\n\t\t<\/section>\n\t\t\t\t<section class=\"elementor-section elementor-top-section elementor-element elementor-element-4709c0d elementor-section-boxed elementor-section-height-default elementor-section-height-default\" data-id=\"4709c0d\" data-element_type=\"section\" data-e-type=\"section\">\n\t\t\t\t\t\t<div class=\"elementor-container elementor-column-gap-default\">\n\t\t\t\t\t<div class=\"elementor-column elementor-col-100 elementor-top-column elementor-element elementor-element-1c75d56\" data-id=\"1c75d56\" data-element_type=\"column\" data-e-type=\"column\">\n\t\t\t<div class=\"elementor-widget-wrap elementor-element-populated\">\n\t\t\t\t\t\t<div class=\"elementor-element elementor-element-af30dde elementor-widget-divider--view-line elementor-widget elementor-widget-divider\" data-id=\"af30dde\" data-element_type=\"widget\" data-e-type=\"widget\" data-widget_type=\"divider.default\">\n\t\t\t\t<div class=\"elementor-widget-container\">\n\t\t\t\t\t\t\t<div class=\"elementor-divider\">\n\t\t\t<span class=\"elementor-divider-separator\">\n\t\t\t\t\t\t<\/span>\n\t\t<\/div>\n\t\t\t\t\t\t<\/div>\n\t\t\t\t<\/div>\n\t\t\t\t\t<\/div>\n\t\t<\/div>\n\t\t\t\t\t<\/div>\n\t\t<\/section>\n\t\t\t\t<section class=\"elementor-section elementor-top-section elementor-element elementor-element-3732c11 elementor-section-boxed elementor-section-height-default elementor-section-height-default\" data-id=\"3732c11\" data-element_type=\"section\" data-e-type=\"section\">\n\t\t\t\t\t\t<div class=\"elementor-container elementor-column-gap-default\">\n\t\t\t\t\t<div class=\"elementor-column elementor-col-100 elementor-top-column elementor-element elementor-element-957816c\" data-id=\"957816c\" data-element_type=\"column\" data-e-type=\"column\">\n\t\t\t<div class=\"elementor-widget-wrap\">\n\t\t\t\t\t\t\t<\/div>\n\t\t<\/div>\n\t\t\t\t\t<\/div>\n\t\t<\/section>\n\t\t\t\t<section class=\"elementor-section elementor-top-section elementor-element elementor-element-6b4e6e2 elementor-section-boxed elementor-section-height-default elementor-section-height-default\" data-id=\"6b4e6e2\" data-element_type=\"section\" data-e-type=\"section\">\n\t\t\t\t\t\t<div class=\"elementor-container elementor-column-gap-default\">\n\t\t\t\t\t<div class=\"elementor-column elementor-col-50 elementor-top-column elementor-element elementor-element-b6342a0\" data-id=\"b6342a0\" data-element_type=\"column\" data-e-type=\"column\">\n\t\t\t<div class=\"elementor-widget-wrap elementor-element-populated\">\n\t\t\t\t\t\t<div class=\"elementor-element elementor-element-73f888b elementor-widget elementor-widget-image\" data-id=\"73f888b\" data-element_type=\"widget\" data-e-type=\"widget\" data-widget_type=\"image.default\">\n\t\t\t\t<div class=\"elementor-widget-container\">\n\t\t\t\t\t\t\t\t\t\t\t\t\t\t\t<img decoding=\"async\" src=\"https:\/\/enselledeniers.bike\/wp-content\/uploads\/elementor\/thumbs\/Nouvel-horaire-cafe-bricol-rch4t1sqx26nhqnod6qv95ph1dk8180w1ja256thxu.jpg\" title=\"Nouvel horaire caf\u00e9 bricol&rsquo;\" alt=\"Nouvel horaire caf\u00e9 bricol&#039;\" loading=\"lazy\" \/>\t\t\t\t\t\t\t\t\t\t\t\t\t\t\t<\/div>\n\t\t\t\t<\/div>\n\t\t\t\t\t<\/div>\n\t\t<\/div>\n\t\t\t\t<div class=\"elementor-column elementor-col-50 elementor-top-column elementor-element elementor-element-28d345e\" data-id=\"28d345e\" data-element_type=\"column\" data-e-type=\"column\">\n\t\t\t<div class=\"elementor-widget-wrap elementor-element-populated\">\n\t\t\t\t\t\t<div class=\"elementor-element elementor-element-6972d0c elementor-widget elementor-widget-text-editor\" data-id=\"6972d0c\" data-element_type=\"widget\" data-e-type=\"widget\" data-widget_type=\"text-editor.default\">\n\t\t\t\t<div class=\"elementor-widget-container\">\n\t\t\t\t\t\t\t\t\t<p style=\"text-align: center;\"><strong style=\"font-size: 14pt;\">Le Repair Caf\u00e9 \/ Caf\u00e9 Bricol&rsquo; des Sept Deniers, c&rsquo;est tous les mercredis entre 16h et 19h, sur inscription uniquement.<\/strong><\/p><p><span style=\"font-size: 14pt;\">Ta cafeti\u00e8re est en carafe ?<\/span><\/p><p><span style=\"font-size: 14pt;\">Ton ordi rame ?<\/span><\/p><p><span style=\"font-size: 14pt;\">Ton GPS est en plan ?<\/span><\/p><p><span style=\"font-size: 14pt;\"> Ta perceuse est en rade ?<\/span><\/p><p><span style=\"font-size: 14pt;\">Ton canard ne vibre plus ?<\/span><\/p><p><span style=\"font-size: 14pt;\">Si l\u2019appareil \u00e0 raclette est naze, arr\u00eate !!!<\/span><\/p><p><span style=\"font-size: 14pt;\">Ne le jette pas, r\u00e9pare le !!!<\/span><\/p><p><span style=\"font-size: 14pt;\">Si ta lampe a une avarie, souris !!! C\u2019est l\u2019occasion de se (re)trouver et d\u2019apprendre \u00e0 la r\u00e9parer !!!<\/span><br \/><span style=\"font-size: 14pt;\">On observe, on ouvre, on op\u00e8re. Nous aurons les outils et ensemble on r\u00e9pare la machine. Et si tu n\u2019as pas d\u2019appareil d\u00e9fectueux, passe quand m\u00eame nous aider \u00e0 r\u00e9parer ou pour \u00e9changer. Participation libre. On ne jette plus, on r\u00e9pare !!<\/span><\/p><p><strong><span style=\"font-size: 14pt;\">RV tous les mercredis entre 16h et 19h, \u00e0 l&rsquo;Atelier En Selle Deniers, uniquement sur inscription par mail \u00e0 : <a href=\"mailto:atelier@enselledeniers.bike\">atelier@enselledeniers.bike<\/a><\/span><\/strong><\/p>\t\t\t\t\t\t\t\t<\/div>\n\t\t\t\t<\/div>\n\t\t\t\t\t<\/div>\n\t\t<\/div>\n\t\t\t\t\t<\/div>\n\t\t<\/section>\n\t\t\t\t<\/div>\n\t\t","protected":false},"excerpt":{"rendered":"<p>Caf\u00e9 Bricol&rsquo; \/ Repair Caf\u00e9 des Sept Deniers Le Repair Caf\u00e9 \/ Caf\u00e9 Bricol&rsquo; des Sept Deniers, c&rsquo;est tous les mercredis entre 16h et 19h, sur inscription uniquement. Ta cafeti\u00e8re est en carafe ? Ton ordi rame ? Ton GPS est en plan ? Ta perceuse est en rade ? Ton canard ne vibre plus [&hellip;]<\/p>\n","protected":false},"author":1,"featured_media":0,"parent":0,"menu_order":0,"comment_status":"closed","ping_status":"closed","template":"elementor_header_footer","meta":{"site-sidebar-layout":"default","site-content-layout":"default","ast-site-content-layout":"","site-content-style":"default","site-sidebar-style":"default","ast-global-header-display":"","ast-banner-title-visibility":"","ast-main-header-display":"","ast-hfb-above-header-display":"","ast-hfb-below-header-display":"","ast-hfb-mobile-header-display":"","site-post-title":"disabled","ast-breadcrumbs-content":"","ast-featured-img":"","footer-sml-layout":"","theme-transparent-header-meta":"default","adv-header-id-meta":"","stick-header-meta":"","header-above-stick-meta":"","header-main-stick-meta":"","header-below-stick-meta":"","astra-migrate-meta-layouts":"default","ast-page-background-enabled":"default","ast-page-background-meta":{"desktop":{"background-color":"","background-image":"","background-repeat":"repeat","background-position":"center center","background-size":"auto","background-attachment":"scroll","background-type":"","background-media":"","overlay-type":"","overlay-color":"","overlay-opacity":"","overlay-gradient":""},"tablet":{"background-color":"","background-image":"","background-repeat":"repeat","background-position":"center center","background-size":"auto","background-attachment":"scroll","background-type":"","background-media":"","overlay-type":"","overlay-color":"","overlay-opacity":"","overlay-gradient":""},"mobile":{"background-color":"","background-image":"","background-repeat":"repeat","background-position":"center center","background-size":"auto","background-attachment":"scroll","background-type":"","background-media":"","overlay-type":"","overlay-color":"","overlay-opacity":"","overlay-gradient":""}},"ast-content-background-meta":{"desktop":{"background-color":"var(--ast-global-color-5)","background-image":"","background-repeat":"repeat","background-position":"center center","background-size":"auto","background-attachment":"scroll","background-type":"","background-media":"","overlay-type":"","overlay-color":"","overlay-opacity":"","overlay-gradient":""},"tablet":{"background-color":"var(--ast-global-color-5)","background-image":"","background-repeat":"repeat","background-position":"center center","background-size":"auto","background-attachment":"scroll","background-type":"","background-media":"","overlay-type":"","overlay-color":"","overlay-opacity":"","overlay-gradient":""},"mobile":{"background-color":"var(--ast-global-color-5)","background-image":"","background-repeat":"repeat","background-position":"center center","background-size":"auto","background-attachment":"scroll","background-type":"","background-media":"","overlay-type":"","overlay-color":"","overlay-opacity":"","overlay-gradient":""}},"footnotes":""},"class_list":["post-85","page","type-page","status-publish","hentry"],"_links":{"self":[{"href":"https:\/\/enselledeniers.bike\/index.php\/wp-json\/wp\/v2\/pages\/85","targetHints":{"allow":["GET"]}}],"collection":[{"href":"https:\/\/enselledeniers.bike\/index.php\/wp-json\/wp\/v2\/pages"}],"about":[{"href":"https:\/\/enselledeniers.bike\/index.php\/wp-json\/wp\/v2\/types\/page"}],"author":[{"embeddable":true,"href":"https:\/\/enselledeniers.bike\/index.php\/wp-json\/wp\/v2\/users\/1"}],"replies":[{"embeddable":true,"href":"https:\/\/enselledeniers.bike\/index.php\/wp-json\/wp\/v2\/comments?post=85"}],"version-history":[{"count":69,"href":"https:\/\/enselledeniers.bike\/index.php\/wp-json\/wp\/v2\/pages\/85\/revisions"}],"predecessor-version":[{"id":1399,"href":"https:\/\/enselledeniers.bike\/index.php\/wp-json\/wp\/v2\/pages\/85\/revisions\/1399"}],"wp:attachment":[{"href":"https:\/\/enselledeniers.bike\/index.php\/wp-json\/wp\/v2\/media?parent=85"}],"curies":[{"name":"wp","href":"https:\/\/api.w.org\/{rel}","templated":true}]}}