{"id":88,"date":"2019-12-03T11:19:48","date_gmt":"2019-12-03T10:19:48","guid":{"rendered":"http:\/\/enselledeniers.bike\/?page_id=88"},"modified":"2025-04-08T22:21:03","modified_gmt":"2025-04-08T20:21:03","slug":"ateliers-fait-maison","status":"publish","type":"page","link":"https:\/\/enselledeniers.bike\/index.php\/ateliers-fait-maison\/","title":{"rendered":"ateliers fait-maison"},"content":{"rendered":"\t\t<div data-elementor-type=\"wp-page\" data-elementor-id=\"88\" class=\"elementor elementor-88\">\n\t\t\t\t\t\t<section class=\"elementor-section elementor-top-section elementor-element elementor-element-5a9bcbe5 elementor-section-boxed elementor-section-height-default elementor-section-height-default\" data-id=\"5a9bcbe5\" data-element_type=\"section\" data-e-type=\"section\">\n\t\t\t\t\t\t<div class=\"elementor-container elementor-column-gap-default\">\n\t\t\t\t\t<div class=\"elementor-column elementor-col-100 elementor-top-column elementor-element elementor-element-1e5a7f4d\" data-id=\"1e5a7f4d\" data-element_type=\"column\" data-e-type=\"column\">\n\t\t\t<div class=\"elementor-widget-wrap elementor-element-populated\">\n\t\t\t\t\t\t<div class=\"elementor-element elementor-element-74d45a6d elementor-widget elementor-widget-text-editor\" data-id=\"74d45a6d\" data-element_type=\"widget\" data-e-type=\"widget\" data-widget_type=\"text-editor.default\">\n\t\t\t\t<div class=\"elementor-widget-container\">\n\t\t\t\t\t\t\t\t\t<p><\/p>\n<div class=\"wp-block-cover has-background-dim-20 has-background-dim\" style=\"background-image: url('http:\/\/enselledeniers.bike\/wp-content\/uploads\/2019\/12\/savon.jpg'); background-position: 51% 69%;\">\n<div class=\"wp-block-cover__inner-container is-layout-flow wp-block-cover-is-layout-flow\">\n<p><\/p>\n<p class=\"has-text-color has-text-align-center has-huge-font-size\" style=\"\"><span style=\"color: rgb(254, 210, 62);\">ateliers fait-maison<\/span><\/p>\n<\/div>\n<\/div>\n<p><\/p>\t\t\t\t\t\t\t\t<\/div>\n\t\t\t\t<\/div>\n\t\t\t\t\t<\/div>\n\t\t<\/div>\n\t\t\t\t\t<\/div>\n\t\t<\/section>\n\t\t\t\t<section class=\"elementor-section elementor-top-section elementor-element elementor-element-727571d elementor-section-boxed elementor-section-height-default elementor-section-height-default\" data-id=\"727571d\" data-element_type=\"section\" data-e-type=\"section\">\n\t\t\t\t\t\t<div class=\"elementor-container elementor-column-gap-default\">\n\t\t\t\t\t<div class=\"elementor-column elementor-col-100 elementor-top-column elementor-element elementor-element-db832c3\" data-id=\"db832c3\" data-element_type=\"column\" data-e-type=\"column\">\n\t\t\t<div class=\"elementor-widget-wrap elementor-element-populated\">\n\t\t\t\t\t\t<div class=\"elementor-element elementor-element-1ae4e56 elementor-widget elementor-widget-text-editor\" data-id=\"1ae4e56\" data-element_type=\"widget\" data-e-type=\"widget\" data-widget_type=\"text-editor.default\">\n\t\t\t\t<div class=\"elementor-widget-container\">\n\t\t\t\t\t\t\t\t\t<p><span style=\"font-size: 15px; font-style: normal; font-weight: 400;\">L&rsquo;atelier en selle deniers propose toute l&rsquo;ann\u00e9e des ateliers \u00ab\u00a0fait maison\u00a0\u00bb anim\u00e9s par des adh\u00e9rents b\u00e9n\u00e9voles&#8230;. fabrication de lessive, savon, produit vaisselle, ceintures en chambre \u00e0 air ou en pneu, sacoche de v\u00e9lo&#8230;<\/span><br \/><span style=\"font-size: 15px; font-style: normal; font-weight: 400;\">Regardez notre actualit\u00e9 pour savoir quand est le prochain atelier !<\/span><br \/><span style=\"font-size: 15px; font-style: normal; font-weight: 400;\">Comme il faut acheter des produits avant pour l&rsquo;atelier, merci de vous inscrire quelques jours avant.<\/span><\/p>\t\t\t\t\t\t\t\t<\/div>\n\t\t\t\t<\/div>\n\t\t\t\t\t<\/div>\n\t\t<\/div>\n\t\t\t\t\t<\/div>\n\t\t<\/section>\n\t\t\t\t<section class=\"elementor-section elementor-top-section elementor-element elementor-element-772d416 elementor-section-boxed elementor-section-height-default elementor-section-height-default\" data-id=\"772d416\" data-element_type=\"section\" data-e-type=\"section\">\n\t\t\t\t\t\t<div class=\"elementor-container elementor-column-gap-default\">\n\t\t\t\t\t<div class=\"elementor-column elementor-col-100 elementor-top-column elementor-element elementor-element-107c02f\" data-id=\"107c02f\" data-element_type=\"column\" data-e-type=\"column\">\n\t\t\t<div class=\"elementor-widget-wrap elementor-element-populated\">\n\t\t\t\t\t\t<div class=\"elementor-element elementor-element-7c43463 elementor-widget elementor-widget-text-editor\" data-id=\"7c43463\" data-element_type=\"widget\" data-e-type=\"widget\" data-widget_type=\"text-editor.default\">\n\t\t\t\t<div class=\"elementor-widget-container\">\n\t\t\t\t\t\t\t\t\t<p><span style=\"color: #ff0000;\">Pour connaitre les horaires des diff\u00e9rents ateliers, consultez la page \u00ab\u00a0<a href=\"https:\/\/enselledeniers.bike\/index.php\/calendrier-des-activites-de-latelier\/\">calendrier de l&rsquo;atelier<\/a>\u00a0\u00bb ou inscrivez-vous \u00e0 notre super newsletter !<\/span><\/p>\t\t\t\t\t\t\t\t<\/div>\n\t\t\t\t<\/div>\n\t\t\t\t\t<\/div>\n\t\t<\/div>\n\t\t\t\t\t<\/div>\n\t\t<\/section>\n\t\t\t\t<\/div>\n\t\t","protected":false},"excerpt":{"rendered":"","protected":false},"author":1,"featured_media":0,"parent":0,"menu_order":0,"comment_status":"closed","ping_status":"closed","template":"elementor_header_footer","meta":{"site-sidebar-layout":"default","site-content-layout":"plain-container","ast-site-content-layout":"","site-content-style":"default","site-sidebar-style":"default","ast-global-header-display":"","ast-banner-title-visibility":"","ast-main-header-display":"","ast-hfb-above-header-display":"","ast-hfb-below-header-display":"","ast-hfb-mobile-header-display":"","site-post-title":"disabled","ast-breadcrumbs-content":"","ast-featured-img":"","footer-sml-layout":"","theme-transparent-header-meta":"default","adv-header-id-meta":"","stick-header-meta":"","header-above-stick-meta":"","header-main-stick-meta":"","header-below-stick-meta":"","astra-migrate-meta-layouts":"default","ast-page-background-enabled":"default","ast-page-background-meta":{"desktop":{"background-color":"","background-image":"","background-repeat":"repeat","background-position":"center center","background-size":"auto","background-attachment":"scroll","background-type":"","background-media":"","overlay-type":"","overlay-color":"","overlay-opacity":"","overlay-gradient":""},"tablet":{"background-color":"","background-image":"","background-repeat":"repeat","background-position":"center center","background-size":"auto","background-attachment":"scroll","background-type":"","background-media":"","overlay-type":"","overlay-color":"","overlay-opacity":"","overlay-gradient":""},"mobile":{"background-color":"","background-image":"","background-repeat":"repeat","background-position":"center center","background-size":"auto","background-attachment":"scroll","background-type":"","background-media":"","overlay-type":"","overlay-color":"","overlay-opacity":"","overlay-gradient":""}},"ast-content-background-meta":{"desktop":{"background-color":"var(--ast-global-color-5)","background-image":"","background-repeat":"repeat","background-position":"center center","background-size":"auto","background-attachment":"scroll","background-type":"","background-media":"","overlay-type":"","overlay-color":"","overlay-opacity":"","overlay-gradient":""},"tablet":{"background-color":"var(--ast-global-color-5)","background-image":"","background-repeat":"repeat","background-position":"center center","background-size":"auto","background-attachment":"scroll","background-type":"","background-media":"","overlay-type":"","overlay-color":"","overlay-opacity":"","overlay-gradient":""},"mobile":{"background-color":"var(--ast-global-color-5)","background-image":"","background-repeat":"repeat","background-position":"center center","background-size":"auto","background-attachment":"scroll","background-type":"","background-media":"","overlay-type":"","overlay-color":"","overlay-opacity":"","overlay-gradient":""}},"footnotes":""},"class_list":["post-88","page","type-page","status-publish","hentry"],"_links":{"self":[{"href":"https:\/\/enselledeniers.bike\/index.php\/wp-json\/wp\/v2\/pages\/88","targetHints":{"allow":["GET"]}}],"collection":[{"href":"https:\/\/enselledeniers.bike\/index.php\/wp-json\/wp\/v2\/pages"}],"about":[{"href":"https:\/\/enselledeniers.bike\/index.php\/wp-json\/wp\/v2\/types\/page"}],"author":[{"embeddable":true,"href":"https:\/\/enselledeniers.bike\/index.php\/wp-json\/wp\/v2\/users\/1"}],"replies":[{"embeddable":true,"href":"https:\/\/enselledeniers.bike\/index.php\/wp-json\/wp\/v2\/comments?post=88"}],"version-history":[{"count":30,"href":"https:\/\/enselledeniers.bike\/index.php\/wp-json\/wp\/v2\/pages\/88\/revisions"}],"predecessor-version":[{"id":1389,"href":"https:\/\/enselledeniers.bike\/index.php\/wp-json\/wp\/v2\/pages\/88\/revisions\/1389"}],"wp:attachment":[{"href":"https:\/\/enselledeniers.bike\/index.php\/wp-json\/wp\/v2\/media?parent=88"}],"curies":[{"name":"wp","href":"https:\/\/api.w.org\/{rel}","templated":true}]}}