{"id":959,"date":"2021-06-08T22:56:09","date_gmt":"2021-06-08T20:56:09","guid":{"rendered":"https:\/\/enselledeniers.bike\/?page_id=959"},"modified":"2021-06-09T00:13:30","modified_gmt":"2021-06-08T22:13:30","slug":"atelier-impression-3d","status":"publish","type":"page","link":"https:\/\/enselledeniers.bike\/index.php\/atelier-impression-3d\/","title":{"rendered":"atelier impression 3D"},"content":{"rendered":"\t\t<div data-elementor-type=\"wp-page\" data-elementor-id=\"959\" class=\"elementor elementor-959\">\n\t\t\t\t\t\t<section class=\"elementor-section elementor-top-section elementor-element elementor-element-8defe17 elementor-section-height-min-height elementor-section-full_width elementor-section-height-default elementor-section-items-middle\" data-id=\"8defe17\" data-element_type=\"section\" data-e-type=\"section\" data-settings=\"{&quot;background_background&quot;:&quot;slideshow&quot;,&quot;background_slideshow_gallery&quot;:[{&quot;id&quot;:963,&quot;url&quot;:&quot;https:\\\/\\\/enselledeniers.bike\\\/wp-content\\\/uploads\\\/2021\\\/06\\\/3D-PRINT4.jpg&quot;},{&quot;id&quot;:962,&quot;url&quot;:&quot;https:\\\/\\\/enselledeniers.bike\\\/wp-content\\\/uploads\\\/2021\\\/06\\\/3D-PRINT3.jpg&quot;},{&quot;id&quot;:961,&quot;url&quot;:&quot;https:\\\/\\\/enselledeniers.bike\\\/wp-content\\\/uploads\\\/2021\\\/06\\\/3D-PRINT2.jpeg&quot;}],&quot;background_slideshow_loop&quot;:&quot;yes&quot;,&quot;background_slideshow_slide_duration&quot;:5000,&quot;background_slideshow_slide_transition&quot;:&quot;fade&quot;,&quot;background_slideshow_transition_duration&quot;:500}\">\n\t\t\t\t\t\t<div class=\"elementor-container elementor-column-gap-default\">\n\t\t\t\t\t<div class=\"elementor-column elementor-col-100 elementor-top-column elementor-element elementor-element-3cba9ad\" data-id=\"3cba9ad\" data-element_type=\"column\" data-e-type=\"column\">\n\t\t\t<div class=\"elementor-widget-wrap elementor-element-populated\">\n\t\t\t\t\t\t<div class=\"elementor-element elementor-element-62a826f elementor-widget__width-inherit elementor-invisible elementor-widget elementor-widget-heading\" data-id=\"62a826f\" data-element_type=\"widget\" data-e-type=\"widget\" data-settings=\"{&quot;_animation&quot;:&quot;bounceInDown&quot;}\" data-widget_type=\"heading.default\">\n\t\t\t\t<div class=\"elementor-widget-container\">\n\t\t\t\t\t<h1 class=\"elementor-heading-title elementor-size-large\">Atelier impression  3D : de l'id\u00e9e \u00e0 l'objet<\/h1>\t\t\t\t<\/div>\n\t\t\t\t<\/div>\n\t\t\t\t\t<\/div>\n\t\t<\/div>\n\t\t\t\t\t<\/div>\n\t\t<\/section>\n\t\t\t\t<section class=\"elementor-section elementor-top-section elementor-element elementor-element-4709c0d elementor-section-boxed elementor-section-height-default elementor-section-height-default\" data-id=\"4709c0d\" data-element_type=\"section\" data-e-type=\"section\">\n\t\t\t\t\t\t<div class=\"elementor-container elementor-column-gap-default\">\n\t\t\t\t\t<div class=\"elementor-column elementor-col-100 elementor-top-column elementor-element elementor-element-1c75d56\" data-id=\"1c75d56\" data-element_type=\"column\" data-e-type=\"column\">\n\t\t\t<div class=\"elementor-widget-wrap elementor-element-populated\">\n\t\t\t\t\t\t<div class=\"elementor-element elementor-element-af30dde elementor-widget-divider--view-line elementor-widget elementor-widget-divider\" data-id=\"af30dde\" data-element_type=\"widget\" data-e-type=\"widget\" data-widget_type=\"divider.default\">\n\t\t\t\t<div class=\"elementor-widget-container\">\n\t\t\t\t\t\t\t<div class=\"elementor-divider\">\n\t\t\t<span class=\"elementor-divider-separator\">\n\t\t\t\t\t\t<\/span>\n\t\t<\/div>\n\t\t\t\t\t\t<\/div>\n\t\t\t\t<\/div>\n\t\t\t\t\t<\/div>\n\t\t<\/div>\n\t\t\t\t\t<\/div>\n\t\t<\/section>\n\t\t\t\t<section class=\"elementor-section elementor-top-section elementor-element elementor-element-6b4e6e2 elementor-section-boxed elementor-section-height-default elementor-section-height-default\" data-id=\"6b4e6e2\" data-element_type=\"section\" data-e-type=\"section\">\n\t\t\t\t\t\t<div class=\"elementor-container elementor-column-gap-default\">\n\t\t\t\t\t<div class=\"elementor-column elementor-col-50 elementor-top-column elementor-element elementor-element-b6342a0\" data-id=\"b6342a0\" data-element_type=\"column\" data-e-type=\"column\">\n\t\t\t<div class=\"elementor-widget-wrap elementor-element-populated\">\n\t\t\t\t\t\t<div class=\"elementor-element elementor-element-ec07976 elementor-widget elementor-widget-image\" data-id=\"ec07976\" data-element_type=\"widget\" data-e-type=\"widget\" data-widget_type=\"image.default\">\n\t\t\t\t<div class=\"elementor-widget-container\">\n\t\t\t\t\t\t\t\t\t\t\t\t\t\t\t<img fetchpriority=\"high\" decoding=\"async\" width=\"1024\" height=\"576\" src=\"https:\/\/enselledeniers.bike\/wp-content\/uploads\/2021\/06\/3D-PRINT-1024x576.jpg\" class=\"attachment-large size-large wp-image-947\" alt=\"\" srcset=\"https:\/\/enselledeniers.bike\/wp-content\/uploads\/2021\/06\/3D-PRINT-1024x576.jpg 1024w, https:\/\/enselledeniers.bike\/wp-content\/uploads\/2021\/06\/3D-PRINT-300x169.jpg 300w, https:\/\/enselledeniers.bike\/wp-content\/uploads\/2021\/06\/3D-PRINT-768x432.jpg 768w, https:\/\/enselledeniers.bike\/wp-content\/uploads\/2021\/06\/3D-PRINT-1536x864.jpg 1536w, https:\/\/enselledeniers.bike\/wp-content\/uploads\/2021\/06\/3D-PRINT.jpg 1600w\" sizes=\"(max-width: 1024px) 100vw, 1024px\" \/>\t\t\t\t\t\t\t\t\t\t\t\t\t\t\t<\/div>\n\t\t\t\t<\/div>\n\t\t\t\t\t<\/div>\n\t\t<\/div>\n\t\t\t\t<div class=\"elementor-column elementor-col-50 elementor-top-column elementor-element elementor-element-28d345e\" data-id=\"28d345e\" data-element_type=\"column\" data-e-type=\"column\">\n\t\t\t<div class=\"elementor-widget-wrap elementor-element-populated\">\n\t\t\t\t\t\t<div class=\"elementor-element elementor-element-6972d0c elementor-widget elementor-widget-text-editor\" data-id=\"6972d0c\" data-element_type=\"widget\" data-e-type=\"widget\" data-widget_type=\"text-editor.default\">\n\t\t\t\t<div class=\"elementor-widget-container\">\n\t\t\t\t\t\t\t\t\t<p style=\"text-align: center;\"><strong style=\"font-size: 14pt;\">NOUVEAU !<\/strong><\/p><p style=\"text-align: left;\"><span style=\"font-size: 15px; font-style: normal; font-weight: 400;\">Grace au dispositif\u00a0<\/span><a style=\"font-size: 15px; font-style: normal; font-weight: 400; background-color: #f2f2f2;\" href=\"https:\/\/www.toulouse.fr\/web\/solidarite-politique-de-la-ville\/agir-dans-mon-quartier-fiph#:~:text=%22Agir%20dans%20mon%20quartier%22%20est,de%20la%20Ville%20de%20Toulouse.\" target=\"_blank\" rel=\"noopener\">Agir Dans Mon Quartier<\/a><span style=\"font-size: 15px; font-style: normal; font-weight: 400;\">, des habitants des Sept Deniers mettent en place des Ateliers autour de l\u2019impression 3D.<\/span><\/p><p style=\"font-size: 15px; font-style: normal; font-weight: 400;\"><span style=\"font-weight: bold;\">Premier atelier :\u00a0<\/span><span style=\"font-weight: bold;\">mercredi 16 juin \u00e0 14 h<\/span><span style=\"font-size: 15px;\">\u00a0avec r\u00e9alisation d\u2019une impression.<\/span><\/p><p style=\"font-size: 15px; font-style: normal; font-weight: 400;\">Comprendre le fonctionnement de l\u2019impression 3D : comment \u00e7a marche et qu\u2019est-ce qu\u2019on peut faire avec une imprimante 3D ?<\/p><p style=\"font-size: 15px; font-style: normal; font-weight: 400;\">Comment passer de l\u2019id\u00e9e \u00e0 la r\u00e9alisation d\u2019un objet ?<\/p><p style=\"font-size: 15px; font-style: normal; font-weight: 400;\">GRATUIT<\/p><p style=\"font-size: 15px; font-style: normal; font-weight: 400;\">Dur\u00e9e : environ 3h<\/p><p style=\"font-size: 15px; font-style: normal; font-weight: 400;\">Adultes et enfants \u00e0 partir de 10 ans. Aucune connaissance n\u00e9cessaire.<\/p><p style=\"font-size: 15px; font-style: normal; font-weight: 400;\">Attention, nombre de personnes limit\u00e9 : inscrivez-vous avant en envoyant un mail \u00e0\u00a0<a style=\"font-size: 15px;\" href=\"mailto:atelier@enselledeniers.bike\" target=\"_blank\" rel=\"noopener\">atelier@enselledeniers.bike<\/a><\/p><p style=\"font-size: 15px; font-style: normal; font-weight: 400;\">\u00a0<\/p>\t\t\t\t\t\t\t\t<\/div>\n\t\t\t\t<\/div>\n\t\t\t\t\t<\/div>\n\t\t<\/div>\n\t\t\t\t\t<\/div>\n\t\t<\/section>\n\t\t\t\t<\/div>\n\t\t","protected":false},"excerpt":{"rendered":"<p>Atelier impression 3D : de l&rsquo;id\u00e9e \u00e0 l&rsquo;objet NOUVEAU ! Grace au dispositif\u00a0Agir Dans Mon Quartier, des habitants des Sept Deniers mettent en place des Ateliers autour de l\u2019impression 3D. Premier atelier :\u00a0mercredi 16 juin \u00e0 14 h\u00a0avec r\u00e9alisation d\u2019une impression. Comprendre le fonctionnement de l\u2019impression 3D : comment \u00e7a marche et qu\u2019est-ce qu\u2019on peut [&hellip;]<\/p>\n","protected":false},"author":1,"featured_media":0,"parent":0,"menu_order":0,"comment_status":"closed","ping_status":"closed","template":"elementor_header_footer","meta":{"site-sidebar-layout":"default","site-content-layout":"default","ast-site-content-layout":"","site-content-style":"default","site-sidebar-style":"default","ast-global-header-display":"","ast-banner-title-visibility":"","ast-main-header-display":"","ast-hfb-above-header-display":"","ast-hfb-below-header-display":"","ast-hfb-mobile-header-display":"","site-post-title":"disabled","ast-breadcrumbs-content":"","ast-featured-img":"","footer-sml-layout":"","theme-transparent-header-meta":"default","adv-header-id-meta":"","stick-header-meta":"","header-above-stick-meta":"","header-main-stick-meta":"","header-below-stick-meta":"","astra-migrate-meta-layouts":"default","ast-page-background-enabled":"default","ast-page-background-meta":{"desktop":{"background-color":"","background-image":"","background-repeat":"repeat","background-position":"center center","background-size":"auto","background-attachment":"scroll","background-type":"","background-media":"","overlay-type":"","overlay-color":"","overlay-opacity":"","overlay-gradient":""},"tablet":{"background-color":"","background-image":"","background-repeat":"repeat","background-position":"center center","background-size":"auto","background-attachment":"scroll","background-type":"","background-media":"","overlay-type":"","overlay-color":"","overlay-opacity":"","overlay-gradient":""},"mobile":{"background-color":"","background-image":"","background-repeat":"repeat","background-position":"center center","background-size":"auto","background-attachment":"scroll","background-type":"","background-media":"","overlay-type":"","overlay-color":"","overlay-opacity":"","overlay-gradient":""}},"ast-content-background-meta":{"desktop":{"background-color":"var(--ast-global-color-5)","background-image":"","background-repeat":"repeat","background-position":"center center","background-size":"auto","background-attachment":"scroll","background-type":"","background-media":"","overlay-type":"","overlay-color":"","overlay-opacity":"","overlay-gradient":""},"tablet":{"background-color":"var(--ast-global-color-5)","background-image":"","background-repeat":"repeat","background-position":"center center","background-size":"auto","background-attachment":"scroll","background-type":"","background-media":"","overlay-type":"","overlay-color":"","overlay-opacity":"","overlay-gradient":""},"mobile":{"background-color":"var(--ast-global-color-5)","background-image":"","background-repeat":"repeat","background-position":"center center","background-size":"auto","background-attachment":"scroll","background-type":"","background-media":"","overlay-type":"","overlay-color":"","overlay-opacity":"","overlay-gradient":""}},"footnotes":""},"class_list":["post-959","page","type-page","status-publish","hentry"],"_links":{"self":[{"href":"https:\/\/enselledeniers.bike\/index.php\/wp-json\/wp\/v2\/pages\/959","targetHints":{"allow":["GET"]}}],"collection":[{"href":"https:\/\/enselledeniers.bike\/index.php\/wp-json\/wp\/v2\/pages"}],"about":[{"href":"https:\/\/enselledeniers.bike\/index.php\/wp-json\/wp\/v2\/types\/page"}],"author":[{"embeddable":true,"href":"https:\/\/enselledeniers.bike\/index.php\/wp-json\/wp\/v2\/users\/1"}],"replies":[{"embeddable":true,"href":"https:\/\/enselledeniers.bike\/index.php\/wp-json\/wp\/v2\/comments?post=959"}],"version-history":[{"count":19,"href":"https:\/\/enselledeniers.bike\/index.php\/wp-json\/wp\/v2\/pages\/959\/revisions"}],"predecessor-version":[{"id":1016,"href":"https:\/\/enselledeniers.bike\/index.php\/wp-json\/wp\/v2\/pages\/959\/revisions\/1016"}],"wp:attachment":[{"href":"https:\/\/enselledeniers.bike\/index.php\/wp-json\/wp\/v2\/media?parent=959"}],"curies":[{"name":"wp","href":"https:\/\/api.w.org\/{rel}","templated":true}]}}