{"id":995,"date":"2021-06-08T23:30:18","date_gmt":"2021-06-08T21:30:18","guid":{"rendered":"https:\/\/enselledeniers.bike\/?page_id=995"},"modified":"2022-04-19T11:42:05","modified_gmt":"2022-04-19T09:42:05","slug":"atelier-velo","status":"publish","type":"page","link":"https:\/\/enselledeniers.bike\/index.php\/atelier-velo\/","title":{"rendered":"atelier v\u00e9lo"},"content":{"rendered":"\t\t<div data-elementor-type=\"wp-page\" data-elementor-id=\"995\" class=\"elementor elementor-995\">\n\t\t\t\t\t\t<section class=\"elementor-section elementor-top-section elementor-element elementor-element-8defe17 elementor-section-height-min-height elementor-section-boxed elementor-section-height-default elementor-section-items-middle\" data-id=\"8defe17\" data-element_type=\"section\" data-e-type=\"section\" data-settings=\"{&quot;background_background&quot;:&quot;slideshow&quot;,&quot;background_slideshow_gallery&quot;:[{&quot;id&quot;:68,&quot;url&quot;:&quot;https:\\\/\\\/enselledeniers.bike\\\/wp-content\\\/uploads\\\/2019\\\/11\\\/IMG_20181006_161111-scaled-e1575372398596.jpg&quot;},{&quot;id&quot;:846,&quot;url&quot;:&quot;https:\\\/\\\/enselledeniers.bike\\\/wp-content\\\/uploads\\\/2020\\\/07\\\/Atelier-juillet-2020-PHSs-1-scaled.jpg&quot;},{&quot;id&quot;:178,&quot;url&quot;:&quot;https:\\\/\\\/enselledeniers.bike\\\/wp-content\\\/uploads\\\/2019\\\/12\\\/Local-scaled.jpg&quot;}],&quot;background_slideshow_loop&quot;:&quot;yes&quot;,&quot;background_slideshow_slide_duration&quot;:5000,&quot;background_slideshow_slide_transition&quot;:&quot;fade&quot;,&quot;background_slideshow_transition_duration&quot;:500}\">\n\t\t\t\t\t\t<div class=\"elementor-container elementor-column-gap-default\">\n\t\t\t\t\t<div class=\"elementor-column elementor-col-100 elementor-top-column elementor-element elementor-element-3cba9ad\" data-id=\"3cba9ad\" data-element_type=\"column\" data-e-type=\"column\">\n\t\t\t<div class=\"elementor-widget-wrap elementor-element-populated\">\n\t\t\t\t\t\t<div class=\"elementor-element elementor-element-62a826f elementor-invisible elementor-widget elementor-widget-heading\" data-id=\"62a826f\" data-element_type=\"widget\" data-e-type=\"widget\" data-settings=\"{&quot;_animation&quot;:&quot;bounceInDown&quot;}\" data-widget_type=\"heading.default\">\n\t\t\t\t<div class=\"elementor-widget-container\">\n\t\t\t\t\t<h2 class=\"elementor-heading-title elementor-size-default\">Atelier v\u00e9lo participatif &amp; solidaire<\/h2>\t\t\t\t<\/div>\n\t\t\t\t<\/div>\n\t\t\t\t\t<\/div>\n\t\t<\/div>\n\t\t\t\t\t<\/div>\n\t\t<\/section>\n\t\t\t\t<section class=\"elementor-section elementor-top-section elementor-element elementor-element-4709c0d elementor-section-boxed elementor-section-height-default elementor-section-height-default\" data-id=\"4709c0d\" data-element_type=\"section\" data-e-type=\"section\">\n\t\t\t\t\t\t<div class=\"elementor-container elementor-column-gap-default\">\n\t\t\t\t\t<div class=\"elementor-column elementor-col-100 elementor-top-column elementor-element elementor-element-1c75d56\" data-id=\"1c75d56\" data-element_type=\"column\" data-e-type=\"column\">\n\t\t\t<div class=\"elementor-widget-wrap elementor-element-populated\">\n\t\t\t\t\t\t<div class=\"elementor-element elementor-element-af30dde elementor-widget-divider--view-line elementor-widget elementor-widget-divider\" data-id=\"af30dde\" data-element_type=\"widget\" data-e-type=\"widget\" data-widget_type=\"divider.default\">\n\t\t\t\t<div class=\"elementor-widget-container\">\n\t\t\t\t\t\t\t<div class=\"elementor-divider\">\n\t\t\t<span class=\"elementor-divider-separator\">\n\t\t\t\t\t\t<\/span>\n\t\t<\/div>\n\t\t\t\t\t\t<\/div>\n\t\t\t\t<\/div>\n\t\t\t\t\t<\/div>\n\t\t<\/div>\n\t\t\t\t\t<\/div>\n\t\t<\/section>\n\t\t\t\t<section class=\"elementor-section elementor-top-section elementor-element elementor-element-6b4e6e2 elementor-section-boxed elementor-section-height-default elementor-section-height-default\" data-id=\"6b4e6e2\" data-element_type=\"section\" data-e-type=\"section\">\n\t\t\t\t\t\t<div class=\"elementor-container elementor-column-gap-default\">\n\t\t\t\t\t<div class=\"elementor-column elementor-col-50 elementor-top-column elementor-element elementor-element-b6342a0\" data-id=\"b6342a0\" data-element_type=\"column\" data-e-type=\"column\">\n\t\t\t<div class=\"elementor-widget-wrap elementor-element-populated\">\n\t\t\t\t\t\t<div class=\"elementor-element elementor-element-73f888b elementor-widget elementor-widget-image\" data-id=\"73f888b\" data-element_type=\"widget\" data-e-type=\"widget\" data-widget_type=\"image.default\">\n\t\t\t\t<div class=\"elementor-widget-container\">\n\t\t\t\t\t\t\t\t\t\t\t\t\t\t\t<img fetchpriority=\"high\" decoding=\"async\" width=\"577\" height=\"433\" src=\"https:\/\/enselledeniers.bike\/wp-content\/uploads\/2019\/11\/Atelier-1ok.jpg\" class=\"attachment-full size-full wp-image-11\" alt=\"atelier v\u00e9lo participatif en selle deniers\" srcset=\"https:\/\/enselledeniers.bike\/wp-content\/uploads\/2019\/11\/Atelier-1ok.jpg 577w, https:\/\/enselledeniers.bike\/wp-content\/uploads\/2019\/11\/Atelier-1ok-300x225.jpg 300w\" sizes=\"(max-width: 577px) 100vw, 577px\" \/>\t\t\t\t\t\t\t\t\t\t\t\t\t\t\t<\/div>\n\t\t\t\t<\/div>\n\t\t\t\t\t<\/div>\n\t\t<\/div>\n\t\t\t\t<div class=\"elementor-column elementor-col-50 elementor-top-column elementor-element elementor-element-28d345e\" data-id=\"28d345e\" data-element_type=\"column\" data-e-type=\"column\">\n\t\t\t<div class=\"elementor-widget-wrap elementor-element-populated\">\n\t\t\t\t\t\t<div class=\"elementor-element elementor-element-6972d0c elementor-widget elementor-widget-text-editor\" data-id=\"6972d0c\" data-element_type=\"widget\" data-e-type=\"widget\" data-widget_type=\"text-editor.default\">\n\t\t\t\t<div class=\"elementor-widget-container\">\n\t\t\t\t\t\t\t\t\t<p style=\"font-size: 15px; font-style: normal; font-weight: 400;\"><span style=\"font-size: 12pt;\">En Selle Deniers a \u00e9t\u00e9 fond\u00e9 en 2016 par un groupe d\u2019habitants des Sept Deniers attach\u00e9s \u00e0 la cr\u00e9ation de lien social, au d\u00e9veloppement durable et passionn\u00e9s de v\u00e9lo.<\/span><\/p><p style=\"font-size: 15px; font-style: normal; font-weight: 400;\"><span style=\"font-size: 12pt;\"><span style=\"font-style: normal; font-weight: 400;\">L\u2019Atelier est un<\/span><span style=\"font-style: normal; font-weight: bold;\">\u00a0<\/span><span style=\"font-style: normal; font-weight: 400;\">lieu convivial o\u00f9 on peut r\u00e9parer et entretenir son v\u00e9lo au moyen des outils, conseils et instructions qu\u2019En Selle Deniers met \u00e0 leur disposition et des coups de main des autres cyclistes sur place.<\/span><\/span><\/p><p style=\"font-size: 15px; font-style: normal; font-weight: 400;\"><span style=\"font-size: 12pt;\">L\u2019Atelier est situ\u00e9 au c\u0153ur de la Cit\u00e9 Madrid au 18 rue de l\u2019Abb\u00e9 Naudin.<\/span><br \/><span style=\"font-size: 12pt;\">Il est ouvert :<\/span><br \/><span style=\"font-size: 12pt;\">\u2013 tous les\u00a0<span style=\"font-weight: bold;\">mercredis\u00a0<\/span>de 15h \u00e0 19h<\/span><br \/><span style=\"font-size: 12pt;\">\u2013 tous les\u00a0<span style=\"font-weight: bold;\">samedis\u00a0<\/span>de 14h \u00e0 18h<\/span><\/p>\t\t\t\t\t\t\t\t<\/div>\n\t\t\t\t<\/div>\n\t\t\t\t\t<\/div>\n\t\t<\/div>\n\t\t\t\t\t<\/div>\n\t\t<\/section>\n\t\t\t\t<section class=\"elementor-section elementor-top-section elementor-element elementor-element-64c0ebb elementor-section-boxed elementor-section-height-default elementor-section-height-default\" data-id=\"64c0ebb\" data-element_type=\"section\" data-e-type=\"section\">\n\t\t\t\t\t\t<div class=\"elementor-container elementor-column-gap-default\">\n\t\t\t\t\t<div class=\"elementor-column elementor-col-50 elementor-top-column elementor-element elementor-element-17d4bb0\" data-id=\"17d4bb0\" data-element_type=\"column\" data-e-type=\"column\">\n\t\t\t<div class=\"elementor-widget-wrap elementor-element-populated\">\n\t\t\t\t\t\t<div class=\"elementor-element elementor-element-bcc5df7 elementor-widget elementor-widget-text-editor\" data-id=\"bcc5df7\" data-element_type=\"widget\" data-e-type=\"widget\" data-widget_type=\"text-editor.default\">\n\t\t\t\t<div class=\"elementor-widget-container\">\n\t\t\t\t\t\t\t\t\t<p><strong>En Selle Deniers est une association \u00e0 but non lucratif (Loi de 1901).<\/strong><\/p><p>Pour profiter de ses nombreux services, il est n\u00e9cessaire d&rsquo;\u00eatre adh\u00e9rent et \u00e0 jour de son adh\u00e9sion.<\/p><p>\u00a0<\/p><p>Le prix de l&rsquo;adh\u00e9sion est <strong>libre<\/strong>.<\/p><p>Tous les membres sont b\u00e9n\u00e9voles et bienvenus pour donner un <strong>coup de main ponctuel ou r\u00e9gulier :<br \/><\/strong><\/p><p>&gt; m\u00e9canique v\u00e9lo,<\/p><p>&gt; compta, administratif,<\/p><p>&gt; communication, rangement etc&#8230;<\/p><p>Il y a toujours quelque chose \u00e0 faire \u00e0 l&rsquo;atelier et on a toujours besoin d&rsquo;aide ! <\/p><p>\u00a0<\/p>\t\t\t\t\t\t\t\t<\/div>\n\t\t\t\t<\/div>\n\t\t\t\t\t<\/div>\n\t\t<\/div>\n\t\t\t\t<div class=\"elementor-column elementor-col-50 elementor-top-column elementor-element elementor-element-88c4986\" data-id=\"88c4986\" data-element_type=\"column\" data-e-type=\"column\">\n\t\t\t<div class=\"elementor-widget-wrap elementor-element-populated\">\n\t\t\t\t\t\t<div class=\"elementor-element elementor-element-1d7f0b7 elementor-widget elementor-widget-image\" data-id=\"1d7f0b7\" data-element_type=\"widget\" data-e-type=\"widget\" data-widget_type=\"image.default\">\n\t\t\t\t<div class=\"elementor-widget-container\">\n\t\t\t\t\t\t\t\t\t\t\t\t\t\t\t<img decoding=\"async\" width=\"678\" height=\"381\" src=\"https:\/\/enselledeniers.bike\/wp-content\/uploads\/2022\/04\/ChatPerche.jpg\" class=\"attachment-large size-large wp-image-1289\" alt=\"\" srcset=\"https:\/\/enselledeniers.bike\/wp-content\/uploads\/2022\/04\/ChatPerche.jpg 678w, https:\/\/enselledeniers.bike\/wp-content\/uploads\/2022\/04\/ChatPerche-300x169.jpg 300w\" sizes=\"(max-width: 678px) 100vw, 678px\" \/>\t\t\t\t\t\t\t\t\t\t\t\t\t\t\t<\/div>\n\t\t\t\t<\/div>\n\t\t\t\t<div class=\"elementor-element elementor-element-0987269 elementor-absolute elementor-widget elementor-widget-text-editor\" data-id=\"0987269\" data-element_type=\"widget\" data-e-type=\"widget\" data-settings=\"{&quot;_position&quot;:&quot;absolute&quot;}\" data-widget_type=\"text-editor.default\">\n\t\t\t\t<div class=\"elementor-widget-container\">\n\t\t\t\t\t\t\t\t\t<p><span style=\"font-size: 10pt;\">\u00a0\u00a0\u00a0\u00a0\u00a0\u00a0\u00a0 \u00a9 atelier du chat perch\u00e9<\/span><\/p>\t\t\t\t\t\t\t\t<\/div>\n\t\t\t\t<\/div>\n\t\t\t\t\t<\/div>\n\t\t<\/div>\n\t\t\t\t\t<\/div>\n\t\t<\/section>\n\t\t\t\t<section class=\"elementor-section elementor-top-section elementor-element elementor-element-b7be96b elementor-section-boxed elementor-section-height-default elementor-section-height-default\" data-id=\"b7be96b\" data-element_type=\"section\" data-e-type=\"section\">\n\t\t\t\t\t\t<div class=\"elementor-container elementor-column-gap-default\">\n\t\t\t\t\t<div class=\"elementor-column elementor-col-100 elementor-top-column elementor-element elementor-element-6d6dab4\" data-id=\"6d6dab4\" data-element_type=\"column\" data-e-type=\"column\">\n\t\t\t<div class=\"elementor-widget-wrap elementor-element-populated\">\n\t\t\t\t\t\t<div class=\"elementor-element elementor-element-e0ba313 elementor-align-left elementor-widget__width-inherit elementor-widget elementor-widget-button\" data-id=\"e0ba313\" data-element_type=\"widget\" data-e-type=\"widget\" data-widget_type=\"button.default\">\n\t\t\t\t<div class=\"elementor-widget-container\">\n\t\t\t\t\t\t\t\t\t<div class=\"elementor-button-wrapper\">\n\t\t\t\t\t<a class=\"elementor-button elementor-button-link elementor-size-md\" href=\"https:\/\/www.helloasso.com\/associations\/en-selle-deniers\" target=\"_blank\">\n\t\t\t\t\t\t<span class=\"elementor-button-content-wrapper\">\n\t\t\t\t\t\t\t\t\t<span class=\"elementor-button-text\">J'adh\u00e8re en ligne maintenant !<\/span>\n\t\t\t\t\t<\/span>\n\t\t\t\t\t<\/a>\n\t\t\t\t<\/div>\n\t\t\t\t\t\t\t\t<\/div>\n\t\t\t\t<\/div>\n\t\t\t\t\t<\/div>\n\t\t<\/div>\n\t\t\t\t\t<\/div>\n\t\t<\/section>\n\t\t\t\t<section class=\"elementor-section elementor-top-section elementor-element elementor-element-d10bad7 elementor-section-boxed elementor-section-height-default elementor-section-height-default\" data-id=\"d10bad7\" data-element_type=\"section\" data-e-type=\"section\">\n\t\t\t\t\t\t<div class=\"elementor-container elementor-column-gap-default\">\n\t\t\t\t\t<div class=\"elementor-column elementor-col-100 elementor-top-column elementor-element elementor-element-59fc502\" data-id=\"59fc502\" data-element_type=\"column\" data-e-type=\"column\">\n\t\t\t<div class=\"elementor-widget-wrap elementor-element-populated\">\n\t\t\t\t\t\t<div class=\"elementor-element elementor-element-cbff6fc elementor-widget elementor-widget-text-editor\" data-id=\"cbff6fc\" data-element_type=\"widget\" data-e-type=\"widget\" data-widget_type=\"text-editor.default\">\n\t\t\t\t<div class=\"elementor-widget-container\">\n\t\t\t\t\t\t\t\t\t<p><span style=\"font-size: 12pt;\"><strong>En pratique, comment \u00e7a marche ?<\/strong><\/span><\/p><p><span style=\"font-size: 12pt;\">1) tu viens \u00e0 l\u2019atelier <strong>avec ton v\u00e9lo<\/strong><\/span><\/p><p><span style=\"font-size: 12pt;\">2) tu regardes avec une.un m\u00e9cano b\u00e9n\u00e9vole\u00a0 ce qu\u2019il y a \u00e0 faire sur ton v\u00e9lo<\/span><\/p><p><span style=\"font-size: 12pt;\">3) il\/elle t\u2019explique <strong>comment faire<\/strong> et quels <strong>outils<\/strong> utiliser,<\/span><\/p><p><span style=\"font-size: 12pt;\">4) si n\u00e9cessaire, on vend des pi\u00e8ces et fournitures <strong>neuves<\/strong> (vente au prix d\u2019achat) ou d\u2019<strong>occasion<\/strong> (prix fix\u00e9 d\u2019un commun accord)<\/span><\/p><p><span style=\"font-size: 12pt;\">5) tu bosses sur ton v\u00e9lo et si tu as besoin d\u2019<strong>aide<\/strong> ou de conseils en pleine action, tu appelles une-un b\u00e9n\u00e9vole m\u00e9cano<\/span><\/p><p><span style=\"font-size: 12pt;\">6) tu peux aussi donner un <strong>coup de main<\/strong> ou un conseil \u00e0 quelqu\u2019un qui bosse sur son propre v\u00e9lo \u00e0 c\u00f4t\u00e9 de toi<\/span><\/p><p><span style=\"font-size: 12pt;\">7) tu laisses dans la boite \u00e0 <strong>participation<\/strong> ce qui te semble juste de donner<\/span><\/p><p><span style=\"font-size: 12pt;\">8) tu peux revenir \u00e0 l\u2019atelier, m\u00eame pour donner un <strong>coup de main<\/strong> ou <strong>discuter<\/strong> !<br \/><\/span><\/p>\t\t\t\t\t\t\t\t<\/div>\n\t\t\t\t<\/div>\n\t\t\t\t\t<\/div>\n\t\t<\/div>\n\t\t\t\t\t<\/div>\n\t\t<\/section>\n\t\t\t\t<\/div>\n\t\t","protected":false},"excerpt":{"rendered":"<p>Atelier v\u00e9lo participatif &amp; solidaire En Selle Deniers a \u00e9t\u00e9 fond\u00e9 en 2016 par un groupe d\u2019habitants des Sept Deniers attach\u00e9s \u00e0 la cr\u00e9ation de lien social, au d\u00e9veloppement durable et passionn\u00e9s de v\u00e9lo. L\u2019Atelier est un\u00a0lieu convivial o\u00f9 on peut r\u00e9parer et entretenir son v\u00e9lo au moyen des outils, conseils et instructions qu\u2019En Selle [&hellip;]<\/p>\n","protected":false},"author":1,"featured_media":0,"parent":0,"menu_order":0,"comment_status":"closed","ping_status":"closed","template":"elementor_header_footer","meta":{"site-sidebar-layout":"default","site-content-layout":"default","ast-site-content-layout":"","site-content-style":"default","site-sidebar-style":"default","ast-global-header-display":"","ast-banner-title-visibility":"","ast-main-header-display":"","ast-hfb-above-header-display":"","ast-hfb-below-header-display":"","ast-hfb-mobile-header-display":"","site-post-title":"disabled","ast-breadcrumbs-content":"","ast-featured-img":"","footer-sml-layout":"","theme-transparent-header-meta":"default","adv-header-id-meta":"","stick-header-meta":"","header-above-stick-meta":"","header-main-stick-meta":"","header-below-stick-meta":"","astra-migrate-meta-layouts":"default","ast-page-background-enabled":"default","ast-page-background-meta":{"desktop":{"background-color":"","background-image":"","background-repeat":"repeat","background-position":"center center","background-size":"auto","background-attachment":"scroll","background-type":"","background-media":"","overlay-type":"","overlay-color":"","overlay-opacity":"","overlay-gradient":""},"tablet":{"background-color":"","background-image":"","background-repeat":"repeat","background-position":"center center","background-size":"auto","background-attachment":"scroll","background-type":"","background-media":"","overlay-type":"","overlay-color":"","overlay-opacity":"","overlay-gradient":""},"mobile":{"background-color":"","background-image":"","background-repeat":"repeat","background-position":"center center","background-size":"auto","background-attachment":"scroll","background-type":"","background-media":"","overlay-type":"","overlay-color":"","overlay-opacity":"","overlay-gradient":""}},"ast-content-background-meta":{"desktop":{"background-color":"var(--ast-global-color-5)","background-image":"","background-repeat":"repeat","background-position":"center center","background-size":"auto","background-attachment":"scroll","background-type":"","background-media":"","overlay-type":"","overlay-color":"","overlay-opacity":"","overlay-gradient":""},"tablet":{"background-color":"var(--ast-global-color-5)","background-image":"","background-repeat":"repeat","background-position":"center center","background-size":"auto","background-attachment":"scroll","background-type":"","background-media":"","overlay-type":"","overlay-color":"","overlay-opacity":"","overlay-gradient":""},"mobile":{"background-color":"var(--ast-global-color-5)","background-image":"","background-repeat":"repeat","background-position":"center center","background-size":"auto","background-attachment":"scroll","background-type":"","background-media":"","overlay-type":"","overlay-color":"","overlay-opacity":"","overlay-gradient":""}},"footnotes":""},"class_list":["post-995","page","type-page","status-publish","hentry"],"_links":{"self":[{"href":"https:\/\/enselledeniers.bike\/index.php\/wp-json\/wp\/v2\/pages\/995","targetHints":{"allow":["GET"]}}],"collection":[{"href":"https:\/\/enselledeniers.bike\/index.php\/wp-json\/wp\/v2\/pages"}],"about":[{"href":"https:\/\/enselledeniers.bike\/index.php\/wp-json\/wp\/v2\/types\/page"}],"author":[{"embeddable":true,"href":"https:\/\/enselledeniers.bike\/index.php\/wp-json\/wp\/v2\/users\/1"}],"replies":[{"embeddable":true,"href":"https:\/\/enselledeniers.bike\/index.php\/wp-json\/wp\/v2\/comments?post=995"}],"version-history":[{"count":22,"href":"https:\/\/enselledeniers.bike\/index.php\/wp-json\/wp\/v2\/pages\/995\/revisions"}],"predecessor-version":[{"id":1302,"href":"https:\/\/enselledeniers.bike\/index.php\/wp-json\/wp\/v2\/pages\/995\/revisions\/1302"}],"wp:attachment":[{"href":"https:\/\/enselledeniers.bike\/index.php\/wp-json\/wp\/v2\/media?parent=995"}],"curies":[{"name":"wp","href":"https:\/\/api.w.org\/{rel}","templated":true}]}}